{"id":10022,"date":"2023-08-22T14:17:58","date_gmt":"2023-08-22T12:17:58","guid":{"rendered":"https:\/\/ecatech.it\/?page_id=10022"},"modified":"2023-08-24T11:06:21","modified_gmt":"2023-08-24T09:06:21","slug":"glamping3","status":"publish","type":"page","link":"https:\/\/ecatech.it\/fr\/quel-type-de-client-etes-vous\/tourisme\/glamping3\/","title":{"rendered":"Glamping3"},"content":{"rendered":"<p>[et_pb_section fb_built=&#8221;1&#8243; _builder_version=&#8221;4.21.0&#8243; _module_preset=&#8221;default&#8221; background_color=&#8221;#FFFFFF&#8221; locked=&#8221;off&#8221; global_colors_info=&#8221;{}&#8221;][et_pb_row _builder_version=&#8221;4.17.5&#8243; _module_preset=&#8221;default&#8221; global_colors_info=&#8221;{}&#8221;][et_pb_column type=&#8221;4_4&#8243; _builder_version=&#8221;4.17.5&#8243; _module_preset=&#8221;default&#8221; global_colors_info=&#8221;{}&#8221;][et_pb_code _builder_version=&#8221;4.17.5&#8243; _module_preset=&#8221;default&#8221; global_colors_info=&#8221;{}&#8221;][\/et_pb_code][\/et_pb_column][\/et_pb_row][\/et_pb_section][et_pb_section fb_built=&#8221;1&#8243; _builder_version=&#8221;4.17.5&#8243; _module_preset=&#8221;default&#8221; locked=&#8221;off&#8221; global_colors_info=&#8221;{}&#8221;][et_pb_row _builder_version=&#8221;4.17.5&#8243; _module_preset=&#8221;default&#8221; global_colors_info=&#8221;{}&#8221;][et_pb_column type=&#8221;4_4&#8243; _builder_version=&#8221;4.17.5&#8243; _module_preset=&#8221;default&#8221; global_colors_info=&#8221;{}&#8221;][et_pb_text _builder_version=&#8221;4.17.5&#8243; _module_preset=&#8221;default&#8221; text_font=&#8221;|300|||||||&#8221; header_font=&#8221;luloclean-bold||||||||&#8221; header_font_size=&#8221;28px&#8221; text_orientation=&#8221;center&#8221; module_alignment=&#8221;center&#8221; global_colors_info=&#8221;{}&#8221;]<\/p>\n<h1>Tente de camping<\/h1>\n<p>[\/et_pb_text][et_pb_text _builder_version=&#8221;4.17.5&#8243; _module_preset=&#8221;default&#8221; global_colors_info=&#8221;{}&#8221;]<\/p>\n<p class=\"p1\">Le syst\u00e8me de climatisation de ces tentes de glamping a consist\u00e9 en l&#8217;installation de syst\u00e8mes de pompes \u00e0 chaleur monosplit de type Syntek Shine, permettant d&#8217;am\u00e9liorer le confort m\u00eame en mi-saison gr\u00e2ce \u00e0 l&#8217;utilisation des fonctions de chauffage, de refroidissement et de d\u00e9shumidification.<\/p>\n<p class=\"p2\">\n<p class=\"p1\">La ligne Shine est id\u00e9ale pour climatiser ces installations gr\u00e2ce \u00e0 la taille ultra-compacte de l&#8217;unit\u00e9 int\u00e9rieure et \u00e0 la puissance de l&#8217;unit\u00e9 ext\u00e9rieure : performances et efficacit\u00e9 optimales \u00e0 des temp\u00e9ratures ext\u00e9rieures allant jusqu&#8217;\u00e0 -15 \u00b0C.<\/p>\n<p class=\"p3\">\n<p class=\"p1\">L&#8217;\u00e9tablissement a \u00e9galement choisi notre syst\u00e8me Climacard, con\u00e7u pour r\u00e9pondre aux objectifs d&#8217;\u00e9conomie d&#8217;\u00e9nergie en permettant une gestion contr\u00f4l\u00e9e du syst\u00e8me de climatisation, l&#8217;emp\u00eachant de fonctionner en l&#8217;absence de l&#8217;utilisateur.<span class=\"Apple-converted-space\"> <\/span><\/p>\n<p>[\/et_pb_text][\/et_pb_column][\/et_pb_row][\/et_pb_section][et_pb_section fb_built=&#8221;1&#8243; custom_padding_last_edited=&#8221;on|phone&#8221; disabled_on=&#8221;off|off|off&#8221; admin_label=&#8221;How it works&#8221; _builder_version=&#8221;4.21.0&#8243; background_color=&#8221;gcid-50594860-09f7-497a-9097-78131afb50ce&#8221; background_enable_image=&#8221;off&#8221; background_position=&#8221;bottom_center&#8221; background_blend=&#8221;overlay&#8221; custom_padding=&#8221;50px||50px||true|false&#8221; custom_padding_tablet=&#8221;&#8221; custom_padding_phone=&#8221;50px||50px||true|false&#8221; bottom_divider_color=&#8221;rgba(86,86,86,0.04)&#8221; bottom_divider_height=&#8221;300px&#8221; animation_style=&#8221;fade&#8221; locked=&#8221;off&#8221; global_colors_info=&#8221;{%22gcid-50594860-09f7-497a-9097-78131afb50ce%22:%91%22background_color%22%93}&#8221;][et_pb_row _builder_version=&#8221;4.16&#8243; custom_margin=&#8221;|auto|37px|auto||&#8221; custom_padding=&#8221;||40px|||&#8221; global_colors_info=&#8221;{}&#8221;][et_pb_column type=&#8221;4_4&#8243; _builder_version=&#8221;4.16&#8243; global_colors_info=&#8221;{}&#8221;][et_pb_text _builder_version=&#8221;4.21.0&#8243; text_font=&#8221;|300|||||||&#8221; header_font=&#8221;luloclean-bold||||||||&#8221; header_font_size=&#8221;28px&#8221; text_orientation=&#8221;center&#8221; width_tablet=&#8221;100%&#8221; width_last_edited=&#8221;off|desktop&#8221; module_alignment=&#8221;center&#8221; header_font_size_phone=&#8221;40px&#8221; header_font_size_last_edited=&#8221;off|desktop&#8221; global_colors_info=&#8221;{}&#8221;]<\/p>\n<h1>Produits en vedette<\/h1>\n<p>[\/et_pb_text][\/et_pb_column][\/et_pb_row][et_pb_row column_structure=&#8221;1_4,1_4,1_4,1_4&#8243; make_equal=&#8221;on&#8221; _builder_version=&#8221;4.17.4&#8243; _module_preset=&#8221;default&#8221; positioning=&#8221;none&#8221; position_origin_f=&#8221;bottom_center&#8221; position_origin_r=&#8221;bottom_left&#8221; max_width=&#8221;100%&#8221; custom_padding=&#8221;||||false|false&#8221; animation_style=&#8221;slide&#8221; animation_direction=&#8221;bottom&#8221; animation_intensity_slide=&#8221;5%&#8221; custom_css_main_element=&#8221;align-items: flex-end;&#8221; locked=&#8221;off&#8221; global_colors_info=&#8221;{}&#8221;][et_pb_column type=&#8221;1_4&#8243; _builder_version=&#8221;4.17.4&#8243; _module_preset=&#8221;default&#8221; global_colors_info=&#8221;{}&#8221;][et_pb_blurb url=&#8221;@ET-DC@eyJkeW5hbWljIjp0cnVlLCJjb250ZW50IjoicG9zdF9saW5rX3VybF9wYWdlIiwic2V0dGluZ3MiOnsicG9zdF9pZCI6IjEwNDEifX0=@&#8221; image=&#8221;https:\/\/ecatech.it\/wp-content\/uploads\/2023\/05\/energie-rinnovabili.jpg&#8221; image_icon_width=&#8221;100%&#8221; content_max_width=&#8221;448px&#8221; _builder_version=&#8221;4.21.0&#8243; _dynamic_attributes=&#8221;url,link_option_url&#8221; _module_preset=&#8221;default&#8221; header_font=&#8221;Avenir &#8211; Book||||||||&#8221; header_letter_spacing=&#8221;1px&#8221; header_line_height=&#8221;1.3em&#8221; body_font=&#8221;Avenir &#8211; Book|600|||||||&#8221; body_text_align=&#8221;left&#8221; body_text_color=&#8221;#565656&#8243; body_font_size=&#8221;17px&#8221; body_letter_spacing=&#8221;1px&#8221; body_line_height=&#8221;1.3em&#8221; background_color=&#8221;#FFFFFF&#8221; text_orientation=&#8221;center&#8221; custom_margin=&#8221;|0px||0px|false|false&#8221; custom_padding=&#8221;50px|20px|30px|20px|false|false&#8221; link_option_url=&#8221;@ET-DC@eyJkeW5hbWljIjp0cnVlLCJjb250ZW50IjoicG9zdF9saW5rX3VybF9wYWdlIiwic2V0dGluZ3MiOnsicG9zdF9pZCI6IjEwNDEifX0=@&#8221; box_shadow_style=&#8221;preset3&#8243; global_colors_info=&#8221;{}&#8221;]<\/p>\n<h3><span style=\"color: #565656;\">\u00c9nergies renouvelables<\/span><\/h3>\n<h6><span style=\"color: #004380;\">En savoir plus  &gt;<\/span><\/h6>\n<p>[\/et_pb_blurb][\/et_pb_column][et_pb_column type=&#8221;1_4&#8243; _builder_version=&#8221;4.17.4&#8243; _module_preset=&#8221;default&#8221; positioning=&#8221;none&#8221; position_origin_r=&#8221;bottom_left&#8221; global_colors_info=&#8221;{}&#8221;][et_pb_blurb url=&#8221;@ET-DC@eyJkeW5hbWljIjp0cnVlLCJjb250ZW50IjoicG9zdF9saW5rX3VybF9wYWdlIiwic2V0dGluZ3MiOnsicG9zdF9pZCI6IjE1ODYifX0=@&#8221; image=&#8221;https:\/\/ecatech.it\/wp-content\/uploads\/2023\/05\/clima.jpg&#8221; image_icon_width=&#8221;100%&#8221; content_max_width=&#8221;448px&#8221; _builder_version=&#8221;4.21.0&#8243; _dynamic_attributes=&#8221;url,link_option_url&#8221; _module_preset=&#8221;default&#8221; header_font=&#8221;Avenir &#8211; Book||||||||&#8221; header_letter_spacing=&#8221;1px&#8221; header_line_height=&#8221;1.3em&#8221; body_font=&#8221;Avenir &#8211; Book|600|||||||&#8221; body_text_align=&#8221;left&#8221; body_text_color=&#8221;#565656&#8243; body_font_size=&#8221;17px&#8221; body_letter_spacing=&#8221;1px&#8221; body_line_height=&#8221;1.3em&#8221; background_color=&#8221;#FFFFFF&#8221; text_orientation=&#8221;center&#8221; custom_margin=&#8221;|0px||0px|false|false&#8221; custom_padding=&#8221;50px|20px|30px|20px|false|false&#8221; link_option_url=&#8221;@ET-DC@eyJkeW5hbWljIjp0cnVlLCJjb250ZW50IjoicG9zdF9saW5rX3VybF9wYWdlIiwic2V0dGluZ3MiOnsicG9zdF9pZCI6IjE1ODYifX0=@&#8221; box_shadow_style=&#8221;preset3&#8243; global_colors_info=&#8221;{}&#8221;]<\/p>\n<h3><span style=\"color: #565656;\">Climatisation<\/span><\/h3>\n<h6><span style=\"color: #004380;\">En savoir plus  &gt;<\/span><\/h6>\n<p>[\/et_pb_blurb][\/et_pb_column][et_pb_column type=&#8221;1_4&#8243; _builder_version=&#8221;4.17.4&#8243; _module_preset=&#8221;default&#8221; global_colors_info=&#8221;{}&#8221;][et_pb_blurb url=&#8221;@ET-DC@eyJkeW5hbWljIjp0cnVlLCJjb250ZW50IjoicG9zdF9saW5rX3VybF9wYWdlIiwic2V0dGluZ3MiOnsicG9zdF9pZCI6IjI4MzgifX0=@&#8221; image=&#8221;https:\/\/ecatech.it\/wp-content\/uploads\/2023\/05\/purificatore.jpg&#8221; image_icon_width=&#8221;100%&#8221; content_max_width=&#8221;448px&#8221; _builder_version=&#8221;4.21.0&#8243; _dynamic_attributes=&#8221;url,link_option_url&#8221; _module_preset=&#8221;default&#8221; header_font=&#8221;Avenir &#8211; Book||||||||&#8221; header_letter_spacing=&#8221;1px&#8221; header_line_height=&#8221;1.3em&#8221; body_font=&#8221;Avenir &#8211; Book|600|||||||&#8221; body_text_align=&#8221;left&#8221; body_text_color=&#8221;#565656&#8243; body_font_size=&#8221;17px&#8221; body_letter_spacing=&#8221;1px&#8221; body_line_height=&#8221;1.3em&#8221; background_color=&#8221;#FFFFFF&#8221; text_orientation=&#8221;center&#8221; custom_margin=&#8221;|0px||0px|false|false&#8221; custom_padding=&#8221;50px|20px|30px|20px|false|false&#8221; link_option_url=&#8221;@ET-DC@eyJkeW5hbWljIjp0cnVlLCJjb250ZW50IjoicG9zdF9saW5rX3VybF9wYWdlIiwic2V0dGluZ3MiOnsicG9zdF9pZCI6IjI4MzgifX0=@&#8221; box_shadow_style=&#8221;preset3&#8243; global_colors_info=&#8221;{}&#8221;]<\/p>\n<h3><span style=\"color: #565656;\">Purificateurs d&#8217;air<\/span><\/h3>\n<h6><span style=\"color: #004380;\">En savoir plus  &gt;<\/span><\/h6>\n<p>[\/et_pb_blurb][\/et_pb_column][et_pb_column type=&#8221;1_4&#8243; _builder_version=&#8221;4.17.4&#8243; _module_preset=&#8221;default&#8221; global_colors_info=&#8221;{}&#8221;][et_pb_blurb url=&#8221;@ET-DC@eyJkeW5hbWljIjp0cnVlLCJjb250ZW50IjoicG9zdF9saW5rX3VybF9wYWdlIiwic2V0dGluZ3MiOnsicG9zdF9pZCI6IjE4MDMifX0=@&#8221; image=&#8221;https:\/\/ecatech.it\/wp-content\/uploads\/2023\/05\/CLIMACARD.jpg&#8221; image_icon_width=&#8221;100%&#8221; content_max_width=&#8221;448px&#8221; _builder_version=&#8221;4.21.0&#8243; _dynamic_attributes=&#8221;url,link_option_url&#8221; _module_preset=&#8221;default&#8221; header_font=&#8221;Avenir &#8211; Book||||||||&#8221; header_letter_spacing=&#8221;1px&#8221; header_line_height=&#8221;1.3em&#8221; body_font=&#8221;Avenir &#8211; Book|600|||||||&#8221; body_text_align=&#8221;left&#8221; body_text_color=&#8221;#565656&#8243; body_font_size=&#8221;17px&#8221; body_letter_spacing=&#8221;1px&#8221; body_line_height=&#8221;1.3em&#8221; background_color=&#8221;#FFFFFF&#8221; text_orientation=&#8221;center&#8221; custom_margin=&#8221;|0px||0px|false|false&#8221; custom_padding=&#8221;50px|20px|30px|20px|false|false&#8221; link_option_url=&#8221;@ET-DC@eyJkeW5hbWljIjp0cnVlLCJjb250ZW50IjoicG9zdF9saW5rX3VybF9wYWdlIiwic2V0dGluZ3MiOnsicG9zdF9pZCI6IjE4MDMifX0=@&#8221; box_shadow_style=&#8221;preset3&#8243; global_colors_info=&#8221;{}&#8221;]<\/p>\n<h3><span style=\"color: #565656;\">Syst\u00e8me Climacard<\/span><\/h3>\n<h6><span style=\"color: #004380;\">En savoir plus  &gt;<\/span><\/h6>\n<p>[\/et_pb_blurb][\/et_pb_column][\/et_pb_row][\/et_pb_section][et_pb_section fb_built=&#8221;1&#8243; _builder_version=&#8221;4.17.5&#8243; _module_preset=&#8221;default&#8221; locked=&#8221;off&#8221; global_colors_info=&#8221;{}&#8221;][et_pb_row _builder_version=&#8221;4.16&#8243; custom_margin=&#8221;|auto|37px|auto||&#8221; custom_padding=&#8221;||40px|||&#8221; global_colors_info=&#8221;{}&#8221;][et_pb_column type=&#8221;4_4&#8243; _builder_version=&#8221;4.16&#8243; global_colors_info=&#8221;{}&#8221;][et_pb_text _builder_version=&#8221;4.17.5&#8243; text_font=&#8221;|300|||||||&#8221; header_font=&#8221;luloclean-bold||||||||&#8221; header_font_size=&#8221;28px&#8221; text_orientation=&#8221;center&#8221; width_tablet=&#8221;100%&#8221; width_last_edited=&#8221;off|desktop&#8221; module_alignment=&#8221;center&#8221; header_font_size_phone=&#8221;40px&#8221; header_font_size_last_edited=&#8221;off|desktop&#8221; global_colors_info=&#8221;{}&#8221;]<\/p>\n<h1 style=\"text-align: center;\">R\u00c9F\u00c9RENCES SIMILAIRES<\/h1>\n<p>[\/et_pb_text][\/et_pb_column][\/et_pb_row][et_pb_row column_structure=&#8221;1_4,1_4,1_4,1_4&#8243; _builder_version=&#8221;4.16&#8243; max_width=&#8221;100%&#8221; animation_style=&#8221;slide&#8221; animation_direction=&#8221;bottom&#8221; animation_intensity_slide=&#8221;5%&#8221; locked=&#8221;off&#8221; global_colors_info=&#8221;{}&#8221;][et_pb_column type=&#8221;1_4&#8243; _builder_version=&#8221;4.16&#8243; global_colors_info=&#8221;{}&#8221;][et_pb_image src=&#8221;https:\/\/ecatech.it\/wp-content\/uploads\/2022\/11\/FOTO-PRINCIPALE_Syntek-Shine.png&#8221; title_text=&#8221;PHOTO-PRINCIPAL_Syntek-Shine&#8221; url=&#8221;https:\/\/ecatech.it\/fr\/?page_id=9957&#8243; _builder_version=&#8221;4.21.0&#8243; _module_preset=&#8221;default&#8221; global_colors_info=&#8221;{}&#8221; box_shadow_style=&#8221;preset2&#8243; transform_styles__hover_enabled=&#8221;on|hover&#8221; transform_scale__hover=&#8221;110%|110%&#8221; transform_scale__hover_enabled=&#8221;on|hover&#8221; transform_translate__hover_enabled=&#8221;on|desktop&#8221; transform_rotate__hover_enabled=&#8221;on|desktop&#8221; transform_skew__hover_enabled=&#8221;on|desktop&#8221; transform_origin__hover_enabled=&#8221;on|desktop&#8221;][\/et_pb_image][\/et_pb_column][et_pb_column type=&#8221;1_4&#8243; _builder_version=&#8221;4.16&#8243; global_colors_info=&#8221;{}&#8221;][et_pb_image src=&#8221;https:\/\/ecatech.it\/wp-content\/uploads\/2022\/11\/News_eca_Scheletro-.png&#8221; title_text=&#8221;Actualit\u00e9s_eca_Scheletro-&#8221; url=&#8221;https:\/\/ecatech.it\/fr\/?page_id=10009&#8243; _builder_version=&#8221;4.21.0&#8243; _module_preset=&#8221;default&#8221; global_colors_info=&#8221;{}&#8221; box_shadow_style=&#8221;preset2&#8243; transform_styles__hover_enabled=&#8221;on|hover&#8221; transform_scale__hover=&#8221;110%|110%&#8221; transform_scale__hover_enabled=&#8221;on|hover&#8221; transform_translate__hover_enabled=&#8221;on|desktop&#8221; transform_rotate__hover_enabled=&#8221;on|desktop&#8221; transform_skew__hover_enabled=&#8221;on|desktop&#8221; transform_origin__hover_enabled=&#8221;on|desktop&#8221;][\/et_pb_image][\/et_pb_column][et_pb_column type=&#8221;1_4&#8243; _builder_version=&#8221;4.16&#8243; global_colors_info=&#8221;{}&#8221;][et_pb_image src=&#8221;https:\/\/ecatech.it\/wp-content\/uploads\/2022\/11\/mobile_home_2.png&#8221; title_text=&#8221;mobile_home_2&#8243; url=&#8221;https:\/\/ecatech.it\/fr\/?page_id=9906&#8243; _builder_version=&#8221;4.21.0&#8243; _module_preset=&#8221;default&#8221; global_colors_info=&#8221;{}&#8221; box_shadow_style=&#8221;preset2&#8243; transform_styles__hover_enabled=&#8221;on|hover&#8221; transform_scale__hover=&#8221;110%|110%&#8221; transform_scale__hover_enabled=&#8221;on|hover&#8221; transform_translate__hover_enabled=&#8221;on|desktop&#8221; transform_rotate__hover_enabled=&#8221;on|desktop&#8221; transform_skew__hover_enabled=&#8221;on|desktop&#8221; transform_origin__hover_enabled=&#8221;on|desktop&#8221;][\/et_pb_image][\/et_pb_column][et_pb_column type=&#8221;1_4&#8243; _builder_version=&#8221;4.16&#8243; global_colors_info=&#8221;{}&#8221;][et_pb_image src=&#8221;https:\/\/ecatech.it\/wp-content\/uploads\/2022\/11\/Syntek-Shine_Mobil-Home3-scaled.jpg&#8221; title_text=&#8221;Syntek Shine_Mobil Home3&#8243; url=&#8221;https:\/\/ecatech.it\/fr\/quel-type-de-client-etes-vous\/tourisme\/bungalow\/&#8221; _builder_version=&#8221;4.21.0&#8243; _module_preset=&#8221;default&#8221; global_colors_info=&#8221;{}&#8221; box_shadow_style=&#8221;preset2&#8243; transform_styles__hover_enabled=&#8221;on|hover&#8221; transform_scale__hover=&#8221;110%|110%&#8221; transform_scale__hover_enabled=&#8221;on|hover&#8221; transform_translate__hover_enabled=&#8221;on|desktop&#8221; transform_rotate__hover_enabled=&#8221;on|desktop&#8221; transform_skew__hover_enabled=&#8221;on|desktop&#8221; transform_origin__hover_enabled=&#8221;on|desktop&#8221;][\/et_pb_image][\/et_pb_column][\/et_pb_row][\/et_pb_section]<\/p>\n","protected":false},"excerpt":{"rendered":"<p>La sensation de bien-\u00eatre et de confort climatique est renforc\u00e9e par l\u2019ioniseur, un dispositif int\u00e9gr\u00e9 dans les unit\u00e9s Feel Plus+<\/p>\n","protected":false},"author":6,"featured_media":0,"parent":5384,"menu_order":0,"comment_status":"closed","ping_status":"closed","template":"","meta":{"_et_pb_use_builder":"on","_et_pb_old_content":"","_et_gb_content_width":"","footnotes":""},"yoast_head":"<!-- This site is optimized with the Yoast SEO plugin v22.8 - https:\/\/yoast.com\/wordpress\/plugins\/seo\/ -->\n<title>Glamping3 &#8226; Climatisation avec ionisateur &#8226; ECA Technology.<\/title>\n<meta name=\"description\" content=\"Climatisation avec ioniseur pour les installations de Glamping. La sensation de confort climatique est renforc\u00e9e par l&#039;ioniseur int\u00e9gr\u00e9 aux appareils FeelPlus+.\" \/>\n<meta name=\"robots\" content=\"index, follow, max-snippet:-1, max-image-preview:large, max-video-preview:-1\" \/>\n<link rel=\"canonical\" href=\"https:\/\/ecatech.it\/fr\/quel-type-de-client-etes-vous\/tourisme\/glamping3\/\" \/>\n<meta property=\"og:locale\" content=\"fr_FR\" \/>\n<meta property=\"og:type\" content=\"article\" \/>\n<meta property=\"og:title\" content=\"Glamping3 &#8226; Climatisation avec ionisateur &#8226; ECA Technology.\" \/>\n<meta property=\"og:description\" content=\"Climatisation avec ioniseur pour les installations de Glamping. La sensation de confort climatique est renforc\u00e9e par l&#039;ioniseur int\u00e9gr\u00e9 aux appareils FeelPlus+.\" \/>\n<meta property=\"og:url\" content=\"https:\/\/ecatech.it\/fr\/quel-type-de-client-etes-vous\/tourisme\/glamping3\/\" \/>\n<meta property=\"og:site_name\" content=\"ECA Technology\" \/>\n<meta property=\"article:publisher\" content=\"https:\/\/www.facebook.com\/ecatechnology\/\" \/>\n<meta property=\"article:modified_time\" content=\"2023-08-24T09:06:21+00:00\" \/>\n<meta name=\"twitter:card\" content=\"summary_large_image\" \/>\n<meta name=\"twitter:label1\" content=\"Est. reading time\" \/>\n\t<meta name=\"twitter:data1\" content=\"8 minutes\" \/>\n<script type=\"application\/ld+json\" class=\"yoast-schema-graph\">{\"@context\":\"https:\/\/schema.org\",\"@graph\":[{\"@type\":\"WebPage\",\"@id\":\"https:\/\/ecatech.it\/fr\/quel-type-de-client-etes-vous\/tourisme\/glamping3\/\",\"url\":\"https:\/\/ecatech.it\/fr\/quel-type-de-client-etes-vous\/tourisme\/glamping3\/\",\"name\":\"Glamping3 &#8226; Climatisation avec ionisateur &#8226; ECA Technology.\",\"isPartOf\":{\"@id\":\"https:\/\/ecatech.it\/#website\"},\"datePublished\":\"2023-08-22T12:17:58+00:00\",\"dateModified\":\"2023-08-24T09:06:21+00:00\",\"description\":\"Climatisation avec ioniseur pour les installations de Glamping. La sensation de confort climatique est renforc\u00e9e par l'ioniseur int\u00e9gr\u00e9 aux appareils FeelPlus+.\",\"breadcrumb\":{\"@id\":\"https:\/\/ecatech.it\/fr\/quel-type-de-client-etes-vous\/tourisme\/glamping3\/#breadcrumb\"},\"inLanguage\":\"fr-FR\",\"potentialAction\":[{\"@type\":\"ReadAction\",\"target\":[\"https:\/\/ecatech.it\/fr\/quel-type-de-client-etes-vous\/tourisme\/glamping3\/\"]}]},{\"@type\":\"BreadcrumbList\",\"@id\":\"https:\/\/ecatech.it\/fr\/quel-type-de-client-etes-vous\/tourisme\/glamping3\/#breadcrumb\",\"itemListElement\":[{\"@type\":\"ListItem\",\"position\":1,\"name\":\"Home\",\"item\":\"https:\/\/ecatech.it\/fr\/\"},{\"@type\":\"ListItem\",\"position\":2,\"name\":\"Quel type de client \u00eates-vous\",\"item\":\"https:\/\/ecatech.it\/fr\/quel-type-de-client-etes-vous\/\"},{\"@type\":\"ListItem\",\"position\":3,\"name\":\"Op\u00e9rateur touristique\",\"item\":\"https:\/\/ecatech.it\/fr\/quel-type-de-client-etes-vous\/tourisme\/\"},{\"@type\":\"ListItem\",\"position\":4,\"name\":\"Glamping3\"}]},{\"@type\":\"WebSite\",\"@id\":\"https:\/\/ecatech.it\/#website\",\"url\":\"https:\/\/ecatech.it\/\",\"name\":\"ECA Technology\",\"description\":\"Energy and Air-Conditioning Solutions\",\"publisher\":{\"@id\":\"https:\/\/ecatech.it\/#organization\"},\"potentialAction\":[{\"@type\":\"SearchAction\",\"target\":{\"@type\":\"EntryPoint\",\"urlTemplate\":\"https:\/\/ecatech.it\/?s={search_term_string}\"},\"query-input\":\"required name=search_term_string\"}],\"inLanguage\":\"fr-FR\"},{\"@type\":\"Organization\",\"@id\":\"https:\/\/ecatech.it\/#organization\",\"name\":\"Eca Technology S.r.l.\",\"url\":\"https:\/\/ecatech.it\/\",\"logo\":{\"@type\":\"ImageObject\",\"inLanguage\":\"fr-FR\",\"@id\":\"https:\/\/ecatech.it\/#\/schema\/logo\/image\/\",\"url\":\"https:\/\/ecatech.it\/wp-content\/uploads\/2020\/02\/ECA_Technology.png\",\"contentUrl\":\"https:\/\/ecatech.it\/wp-content\/uploads\/2020\/02\/ECA_Technology.png\",\"width\":550,\"height\":105,\"caption\":\"Eca Technology S.r.l.\"},\"image\":{\"@id\":\"https:\/\/ecatech.it\/#\/schema\/logo\/image\/\"},\"sameAs\":[\"https:\/\/www.facebook.com\/ecatechnology\/\",\"https:\/\/www.youtube.com\/user\/ecatechnology\/feed\",\"https:\/\/www.linkedin.com\/company\/eca-technology\/\",\"https:\/\/www.instagram.com\/ecatechnology\/\"]}]}<\/script>\n<!-- \/ Yoast SEO plugin. -->","yoast_head_json":{"title":"Glamping3 &#8226; Climatisation avec ionisateur &#8226; ECA Technology.","description":"Climatisation avec ioniseur pour les installations de Glamping. La sensation de confort climatique est renforc\u00e9e par l'ioniseur int\u00e9gr\u00e9 aux appareils FeelPlus+.","robots":{"index":"index","follow":"follow","max-snippet":"max-snippet:-1","max-image-preview":"max-image-preview:large","max-video-preview":"max-video-preview:-1"},"canonical":"https:\/\/ecatech.it\/fr\/quel-type-de-client-etes-vous\/tourisme\/glamping3\/","og_locale":"fr_FR","og_type":"article","og_title":"Glamping3 &#8226; Climatisation avec ionisateur &#8226; ECA Technology.","og_description":"Climatisation avec ioniseur pour les installations de Glamping. La sensation de confort climatique est renforc\u00e9e par l'ioniseur int\u00e9gr\u00e9 aux appareils FeelPlus+.","og_url":"https:\/\/ecatech.it\/fr\/quel-type-de-client-etes-vous\/tourisme\/glamping3\/","og_site_name":"ECA Technology","article_publisher":"https:\/\/www.facebook.com\/ecatechnology\/","article_modified_time":"2023-08-24T09:06:21+00:00","twitter_card":"summary_large_image","twitter_misc":{"Est. reading time":"8 minutes"},"schema":{"@context":"https:\/\/schema.org","@graph":[{"@type":"WebPage","@id":"https:\/\/ecatech.it\/fr\/quel-type-de-client-etes-vous\/tourisme\/glamping3\/","url":"https:\/\/ecatech.it\/fr\/quel-type-de-client-etes-vous\/tourisme\/glamping3\/","name":"Glamping3 &#8226; Climatisation avec ionisateur &#8226; ECA Technology.","isPartOf":{"@id":"https:\/\/ecatech.it\/#website"},"datePublished":"2023-08-22T12:17:58+00:00","dateModified":"2023-08-24T09:06:21+00:00","description":"Climatisation avec ioniseur pour les installations de Glamping. La sensation de confort climatique est renforc\u00e9e par l'ioniseur int\u00e9gr\u00e9 aux appareils FeelPlus+.","breadcrumb":{"@id":"https:\/\/ecatech.it\/fr\/quel-type-de-client-etes-vous\/tourisme\/glamping3\/#breadcrumb"},"inLanguage":"fr-FR","potentialAction":[{"@type":"ReadAction","target":["https:\/\/ecatech.it\/fr\/quel-type-de-client-etes-vous\/tourisme\/glamping3\/"]}]},{"@type":"BreadcrumbList","@id":"https:\/\/ecatech.it\/fr\/quel-type-de-client-etes-vous\/tourisme\/glamping3\/#breadcrumb","itemListElement":[{"@type":"ListItem","position":1,"name":"Home","item":"https:\/\/ecatech.it\/fr\/"},{"@type":"ListItem","position":2,"name":"Quel type de client \u00eates-vous","item":"https:\/\/ecatech.it\/fr\/quel-type-de-client-etes-vous\/"},{"@type":"ListItem","position":3,"name":"Op\u00e9rateur touristique","item":"https:\/\/ecatech.it\/fr\/quel-type-de-client-etes-vous\/tourisme\/"},{"@type":"ListItem","position":4,"name":"Glamping3"}]},{"@type":"WebSite","@id":"https:\/\/ecatech.it\/#website","url":"https:\/\/ecatech.it\/","name":"ECA Technology","description":"Energy and Air-Conditioning Solutions","publisher":{"@id":"https:\/\/ecatech.it\/#organization"},"potentialAction":[{"@type":"SearchAction","target":{"@type":"EntryPoint","urlTemplate":"https:\/\/ecatech.it\/?s={search_term_string}"},"query-input":"required name=search_term_string"}],"inLanguage":"fr-FR"},{"@type":"Organization","@id":"https:\/\/ecatech.it\/#organization","name":"Eca Technology S.r.l.","url":"https:\/\/ecatech.it\/","logo":{"@type":"ImageObject","inLanguage":"fr-FR","@id":"https:\/\/ecatech.it\/#\/schema\/logo\/image\/","url":"https:\/\/ecatech.it\/wp-content\/uploads\/2020\/02\/ECA_Technology.png","contentUrl":"https:\/\/ecatech.it\/wp-content\/uploads\/2020\/02\/ECA_Technology.png","width":550,"height":105,"caption":"Eca Technology S.r.l."},"image":{"@id":"https:\/\/ecatech.it\/#\/schema\/logo\/image\/"},"sameAs":["https:\/\/www.facebook.com\/ecatechnology\/","https:\/\/www.youtube.com\/user\/ecatechnology\/feed","https:\/\/www.linkedin.com\/company\/eca-technology\/","https:\/\/www.instagram.com\/ecatechnology\/"]}]}},"_links":{"self":[{"href":"https:\/\/ecatech.it\/fr\/wp-json\/wp\/v2\/pages\/10022"}],"collection":[{"href":"https:\/\/ecatech.it\/fr\/wp-json\/wp\/v2\/pages"}],"about":[{"href":"https:\/\/ecatech.it\/fr\/wp-json\/wp\/v2\/types\/page"}],"author":[{"embeddable":true,"href":"https:\/\/ecatech.it\/fr\/wp-json\/wp\/v2\/users\/6"}],"replies":[{"embeddable":true,"href":"https:\/\/ecatech.it\/fr\/wp-json\/wp\/v2\/comments?post=10022"}],"version-history":[{"count":0,"href":"https:\/\/ecatech.it\/fr\/wp-json\/wp\/v2\/pages\/10022\/revisions"}],"up":[{"embeddable":true,"href":"https:\/\/ecatech.it\/fr\/wp-json\/wp\/v2\/pages\/5384"}],"wp:attachment":[{"href":"https:\/\/ecatech.it\/fr\/wp-json\/wp\/v2\/media?parent=10022"}],"curies":[{"name":"wp","href":"https:\/\/api.w.org\/{rel}","templated":true}]}}