{"id":13537,"date":"2024-06-21T17:21:57","date_gmt":"2024-06-21T15:21:57","guid":{"rendered":"https:\/\/eca.pixwell.info\/lavage-des-camions\/"},"modified":"2024-06-21T17:22:01","modified_gmt":"2024-06-21T15:22:01","slug":"lavage-des-camions","status":"publish","type":"page","link":"https:\/\/ecatech.it\/fr\/lavage-des-camions\/","title":{"rendered":"Lavage des camions"},"content":{"rendered":"<p>[et_pb_section fb_built=&#8221;1&#8243; _builder_version=&#8221;4.21.0&#8243; _module_preset=&#8221;default&#8221; background_color=&#8221;#FFFFFF&#8221; global_colors_info=&#8221;{}&#8221;][et_pb_row _builder_version=&#8221;4.17.5&#8243; _module_preset=&#8221;default&#8221; global_colors_info=&#8221;{}&#8221;][et_pb_column type=&#8221;4_4&#8243; _builder_version=&#8221;4.17.5&#8243; _module_preset=&#8221;default&#8221; global_colors_info=&#8221;{}&#8221;][et_pb_code _builder_version=&#8221;4.21.0&#8243; _module_preset=&#8221;default&#8221; global_colors_info=&#8221;{}&#8221;][\/et_pb_code][\/et_pb_column][\/et_pb_row][\/et_pb_section][et_pb_section fb_built=&#8221;1&#8243; _builder_version=&#8221;4.21.0&#8243; _module_preset=&#8221;default&#8221; background_color=&#8221;#FFFFFF&#8221; global_colors_info=&#8221;{}&#8221;][et_pb_row _builder_version=&#8221;4.17.5&#8243; _module_preset=&#8221;default&#8221; global_colors_info=&#8221;{}&#8221;][et_pb_column type=&#8221;4_4&#8243; _builder_version=&#8221;4.17.5&#8243; _module_preset=&#8221;default&#8221; global_colors_info=&#8221;{}&#8221;][et_pb_text _builder_version=&#8221;4.21.0&#8243; _module_preset=&#8221;default&#8221; text_font=&#8221;|300|||||||&#8221; header_font=&#8221;luloclean-bold||||||||&#8221; header_font_size=&#8221;28px&#8221; text_orientation=&#8221;center&#8221; module_alignment=&#8221;center&#8221; hover_enabled=&#8221;0&#8243; global_colors_info=&#8221;{}&#8221; sticky_enabled=&#8221;0&#8243;]<\/p>\n<h1><span>LAVE-AUTO<\/span><\/h1>\n<p>[\/et_pb_text][et_pb_text _builder_version=&#8221;4.21.0&#8243; _module_preset=&#8221;default&#8221; hover_enabled=&#8221;0&#8243; global_colors_info=&#8221;{}&#8221; sticky_enabled=&#8221;0&#8243;]<\/p>\n<p class=\"p1\"><span>Pour ce lave-auto de Bolzano Vicentino, un syst\u00e8me photovolta\u00efque a \u00e9t\u00e9 con\u00e7u qui recouvre enti\u00e8rement le toit des 3 stations. L&#8217;usine correspond \u00e0 102,44 kWc pour une production \u00e9nerg\u00e9tique annuelle de 97 950 kW\/h.<\/span><\/p>\n<p>[\/et_pb_text][\/et_pb_column][\/et_pb_row][\/et_pb_section][et_pb_section fb_built=&#8221;1&#8243; custom_padding_last_edited=&#8221;on|phone&#8221; disabled_on=&#8221;off|off|off&#8221; admin_label=&#8221;How it works&#8221; _builder_version=&#8221;4.21.0&#8243; background_color=&#8221;gcid-50594860-09f7-497a-9097-78131afb50ce&#8221; background_enable_image=&#8221;off&#8221; background_position=&#8221;bottom_center&#8221; background_blend=&#8221;overlay&#8221; custom_padding=&#8221;50px||50px||true|false&#8221; custom_padding_tablet=&#8221;&#8221; custom_padding_phone=&#8221;50px||50px||true|false&#8221; bottom_divider_color=&#8221;rgba(86,86,86,0.04)&#8221; bottom_divider_height=&#8221;300px&#8221; animation_style=&#8221;fade&#8221; locked=&#8221;off&#8221; global_colors_info=&#8221;{%22gcid-50594860-09f7-497a-9097-78131afb50ce%22:%91%22background_color%22%93}&#8221;][et_pb_row _builder_version=&#8221;4.16&#8243; custom_margin=&#8221;|auto|37px|auto||&#8221; custom_padding=&#8221;||40px|||&#8221; global_colors_info=&#8221;{}&#8221;][et_pb_column type=&#8221;4_4&#8243; _builder_version=&#8221;4.16&#8243; global_colors_info=&#8221;{}&#8221;][et_pb_text _builder_version=&#8221;4.17.5&#8243; text_font=&#8221;|300|||||||&#8221; header_font=&#8221;luloclean-bold||||||||&#8221; header_font_size=&#8221;28px&#8221; text_orientation=&#8221;center&#8221; width_tablet=&#8221;100%&#8221; width_last_edited=&#8221;off|desktop&#8221; module_alignment=&#8221;center&#8221; header_font_size_phone=&#8221;40px&#8221; header_font_size_last_edited=&#8221;off|desktop&#8221; global_colors_info=&#8221;{}&#8221;]<\/p>\n<h1>produits d\u00e9di\u00e9s<\/h1>\n<p>[\/et_pb_text][\/et_pb_column][\/et_pb_row][et_pb_row column_structure=&#8221;1_4,1_4,1_4,1_4&#8243; make_equal=&#8221;on&#8221; _builder_version=&#8221;4.17.4&#8243; _module_preset=&#8221;default&#8221; positioning=&#8221;none&#8221; position_origin_f=&#8221;bottom_center&#8221; position_origin_r=&#8221;bottom_left&#8221; max_width=&#8221;100%&#8221; custom_padding=&#8221;||||false|false&#8221; animation_style=&#8221;slide&#8221; animation_direction=&#8221;bottom&#8221; animation_intensity_slide=&#8221;5%&#8221; custom_css_main_element=&#8221;align-items: flex-end;&#8221; locked=&#8221;off&#8221; global_colors_info=&#8221;{}&#8221;][et_pb_column type=&#8221;1_4&#8243; _builder_version=&#8221;4.17.4&#8243; _module_preset=&#8221;default&#8221; global_colors_info=&#8221;{}&#8221;][et_pb_blurb url=&#8221;@ET-DC@eyJkeW5hbWljIjp0cnVlLCJjb250ZW50IjoicG9zdF9saW5rX3VybF9wYWdlIiwic2V0dGluZ3MiOnsicG9zdF9pZCI6IjEwNDEiLCJlbmFibGVfaHRtbCI6Im9mZiJ9fQ==@&#8221; image=&#8221;https:\/\/ecatech.it\/wp-content\/uploads\/2023\/05\/energie-rinnovabili.jpg&#8221; image_icon_width=&#8221;100%&#8221; content_max_width=&#8221;448px&#8221; _builder_version=&#8221;4.21.0&#8243; _dynamic_attributes=&#8221;url,link_option_url&#8221; _module_preset=&#8221;default&#8221; header_font=&#8221;Avenir &#8211; Book||||||||&#8221; header_letter_spacing=&#8221;1px&#8221; header_line_height=&#8221;1.3em&#8221; body_font=&#8221;Avenir &#8211; Book|600|||||||&#8221; body_text_align=&#8221;left&#8221; body_text_color=&#8221;#565656&#8243; body_font_size=&#8221;17px&#8221; body_letter_spacing=&#8221;1px&#8221; body_line_height=&#8221;1.3em&#8221; background_color=&#8221;#FFFFFF&#8221; text_orientation=&#8221;center&#8221; custom_margin=&#8221;|0px||0px|false|false&#8221; custom_padding=&#8221;50px|20px|30px|20px|false|false&#8221; link_option_url=&#8221;@ET-DC@eyJkeW5hbWljIjp0cnVlLCJjb250ZW50IjoicG9zdF9saW5rX3VybF9wYWdlIiwic2V0dGluZ3MiOnsicG9zdF9pZCI6IjEwNDEiLCJlbmFibGVfaHRtbCI6Im9mZiJ9fQ==@&#8221; box_shadow_style=&#8221;preset3&#8243; global_colors_info=&#8221;{}&#8221;]<\/p>\n<h3><span style=\"color: #565656;\">\u00c9nergies renouvelables<\/span><\/h3>\n<h6><span style=\"color: #004380;\">En savoir plus  &gt;<\/span><\/h6>\n<p>[\/et_pb_blurb][\/et_pb_column][et_pb_column type=&#8221;1_4&#8243; _builder_version=&#8221;4.17.4&#8243; _module_preset=&#8221;default&#8221; positioning=&#8221;none&#8221; position_origin_r=&#8221;bottom_left&#8221; global_colors_info=&#8221;{}&#8221;][et_pb_blurb url=&#8221;@ET-DC@eyJkeW5hbWljIjp0cnVlLCJjb250ZW50IjoicG9zdF9saW5rX3VybF9wYWdlIiwic2V0dGluZ3MiOnsicG9zdF9pZCI6IjE2MjYiLCJlbmFibGVfaHRtbCI6Im9mZiJ9fQ==@&#8221; image=&#8221;https:\/\/ecatech.it\/wp-content\/uploads\/2023\/05\/BWHE-Z.jpg&#8221; image_icon_width=&#8221;100%&#8221; content_max_width=&#8221;448px&#8221; _builder_version=&#8221;4.21.0&#8243; _dynamic_attributes=&#8221;url,link_option_url&#8221; _module_preset=&#8221;default&#8221; header_font=&#8221;Avenir &#8211; Book||||||||&#8221; header_letter_spacing=&#8221;1px&#8221; header_line_height=&#8221;1.3em&#8221; body_font=&#8221;Avenir &#8211; Book|600|||||||&#8221; body_text_align=&#8221;left&#8221; body_text_color=&#8221;#565656&#8243; body_font_size=&#8221;17px&#8221; body_letter_spacing=&#8221;1px&#8221; body_line_height=&#8221;1.3em&#8221; background_color=&#8221;#FFFFFF&#8221; text_orientation=&#8221;center&#8221; custom_margin=&#8221;|0px||0px|false|false&#8221; custom_padding=&#8221;30px|20px|30px|20px|false|false&#8221; link_option_url=&#8221;@ET-DC@eyJkeW5hbWljIjp0cnVlLCJjb250ZW50IjoicG9zdF9saW5rX3VybF9wYWdlIiwic2V0dGluZ3MiOnsicG9zdF9pZCI6IjE2MjYiLCJlbmFibGVfaHRtbCI6Im9mZiJ9fQ==@&#8221; box_shadow_style=&#8221;preset3&#8243; global_colors_info=&#8221;{}&#8221;]<\/p>\n<h3><span style=\"color: #565656;\">Climatisation industrielle<\/span><\/h3>\n<h6><span style=\"color: #004380;\">En savoir plus  &gt;<\/span><\/h6>\n<p>[\/et_pb_blurb][\/et_pb_column][et_pb_column type=&#8221;1_4&#8243; _builder_version=&#8221;4.17.4&#8243; _module_preset=&#8221;default&#8221; global_colors_info=&#8221;{}&#8221;][et_pb_blurb url=&#8221;@ET-DC@eyJkeW5hbWljIjp0cnVlLCJjb250ZW50IjoicG9zdF9saW5rX3VybF9wYWdlIiwic2V0dGluZ3MiOnsicG9zdF9pZCI6Ijk3MTgiLCJlbmFibGVfaHRtbCI6Im9mZiJ9fQ==@&#8221; image=&#8221;https:\/\/ecatech.it\/wp-content\/uploads\/2023\/05\/copperSB-overview-768&#215;691-1.jpg&#8221; image_icon_width=&#8221;100%&#8221; content_max_width=&#8221;448px&#8221; _builder_version=&#8221;4.21.0&#8243; _dynamic_attributes=&#8221;url,link_option_url&#8221; _module_preset=&#8221;default&#8221; header_font=&#8221;Avenir &#8211; Book||||||||&#8221; header_letter_spacing=&#8221;1px&#8221; header_line_height=&#8221;1.3em&#8221; body_font=&#8221;Avenir &#8211; Book|600|||||||&#8221; body_text_align=&#8221;left&#8221; body_text_color=&#8221;#565656&#8243; body_font_size=&#8221;17px&#8221; body_letter_spacing=&#8221;1px&#8221; body_line_height=&#8221;1.3em&#8221; background_color=&#8221;#FFFFFF&#8221; text_orientation=&#8221;center&#8221; custom_margin=&#8221;|0px||0px|false|false&#8221; custom_padding=&#8221;50px|20px|30px|20px|false|false&#8221; link_option_url=&#8221;@ET-DC@eyJkeW5hbWljIjp0cnVlLCJjb250ZW50IjoicG9zdF9saW5rX3VybF9wYWdlIiwic2V0dGluZ3MiOnsicG9zdF9pZCI6Ijk3MTgiLCJlbmFibGVfaHRtbCI6Im9mZiJ9fQ==@&#8221; box_shadow_style=&#8221;preset3&#8243; global_colors_info=&#8221;{}&#8221;]<\/p>\n<h3><span style=\"color: #565656;\">Stations de recharge pour voitures<\/span><\/h3>\n<h6><span style=\"color: #004380;\">En savoir plus  &gt;<\/span><\/h6>\n<p>[\/et_pb_blurb][\/et_pb_column][et_pb_column type=&#8221;1_4&#8243; _builder_version=&#8221;4.17.4&#8243; _module_preset=&#8221;default&#8221; global_colors_info=&#8221;{}&#8221;][et_pb_blurb url=&#8221;@ET-DC@eyJkeW5hbWljIjp0cnVlLCJjb250ZW50IjoicG9zdF9saW5rX3VybF9wYWdlIiwic2V0dGluZ3MiOnsicG9zdF9pZCI6IjgwOCIsImVuYWJsZV9odG1sIjoib2ZmIn19@&#8221; image=&#8221;https:\/\/ecatech.it\/wp-content\/uploads\/2023\/05\/LED-ILLUMINOTECNICA_1.jpg&#8221; image_icon_width=&#8221;100%&#8221; content_max_width=&#8221;448px&#8221; _builder_version=&#8221;4.21.0&#8243; _dynamic_attributes=&#8221;url,link_option_url&#8221; _module_preset=&#8221;default&#8221; header_font=&#8221;Avenir &#8211; Book||||||||&#8221; header_letter_spacing=&#8221;1px&#8221; header_line_height=&#8221;1.3em&#8221; body_font=&#8221;Avenir &#8211; Book|600|||||||&#8221; body_text_align=&#8221;left&#8221; body_text_color=&#8221;#565656&#8243; body_font_size=&#8221;17px&#8221; body_letter_spacing=&#8221;1px&#8221; body_line_height=&#8221;1.3em&#8221; background_color=&#8221;#FFFFFF&#8221; text_orientation=&#8221;center&#8221; custom_margin=&#8221;|0px||0px|false|false&#8221; custom_padding=&#8221;50px|20px|30px|20px|false|false&#8221; link_option_url=&#8221;@ET-DC@eyJkeW5hbWljIjp0cnVlLCJjb250ZW50IjoicG9zdF9saW5rX3VybF9wYWdlIiwic2V0dGluZ3MiOnsicG9zdF9pZCI6IjgwOCIsImVuYWJsZV9odG1sIjoib2ZmIn19@&#8221; box_shadow_style=&#8221;preset3&#8243; global_colors_info=&#8221;{}&#8221;]<\/p>\n<h3><span style=\"color: #565656;\">Technologie d&#8217;\u00e9clairage LED<\/span><\/h3>\n<h6><span style=\"color: #004380;\">En savoir plus  &gt;<\/span><\/h6>\n<p>[\/et_pb_blurb][\/et_pb_column][\/et_pb_row][\/et_pb_section][et_pb_section fb_built=&#8221;1&#8243; _builder_version=&#8221;4.21.0&#8243; _module_preset=&#8221;default&#8221; background_color=&#8221;#FFFFFF&#8221; locked=&#8221;off&#8221; global_colors_info=&#8221;{}&#8221;][et_pb_row _builder_version=&#8221;4.16&#8243; custom_margin=&#8221;|auto|37px|auto||&#8221; custom_padding=&#8221;26px||29px|||&#8221; global_colors_info=&#8221;{}&#8221;][et_pb_column type=&#8221;4_4&#8243; _builder_version=&#8221;4.16&#8243; global_colors_info=&#8221;{}&#8221;][et_pb_text _builder_version=&#8221;4.17.5&#8243; text_font=&#8221;|300|||||||&#8221; header_font=&#8221;luloclean-bold||||||||&#8221; header_font_size=&#8221;28px&#8221; text_orientation=&#8221;center&#8221; width_tablet=&#8221;100%&#8221; width_last_edited=&#8221;off|desktop&#8221; module_alignment=&#8221;center&#8221; header_font_size_phone=&#8221;40px&#8221; header_font_size_last_edited=&#8221;off|desktop&#8221; global_colors_info=&#8221;{}&#8221;]<\/p>\n<h1 style=\"text-align: center;\">R\u00c9F\u00c9RENCES SIMILAIRES<\/h1>\n<p>[\/et_pb_text][\/et_pb_column][\/et_pb_row][et_pb_row column_structure=&#8221;1_4,1_4,1_4,1_4&#8243; _builder_version=&#8221;4.17.5&#8243; _module_preset=&#8221;default&#8221; max_width=&#8221;100%&#8221; animation_style=&#8221;slide&#8221; animation_direction=&#8221;bottom&#8221; animation_intensity_slide=&#8221;5%&#8221; global_colors_info=&#8221;{}&#8221;][et_pb_column type=&#8221;1_4&#8243; _builder_version=&#8221;4.17.5&#8243; _module_preset=&#8221;default&#8221; global_colors_info=&#8221;{}&#8221;][et_pb_image src=&#8221;https:\/\/ecatech.it\/wp-content\/uploads\/2022\/11\/Industria.png&#8221; title_text=&#8221;L&apos;industrie&#8221; url=&#8221;https:\/\/ecatech.it\/fr\/quel-type-de-client-etes-vous\/industrie\/industrie\/&#8221; _builder_version=&#8221;4.21.0&#8243; _module_preset=&#8221;default&#8221; box_shadow_style=&#8221;preset2&#8243; global_colors_info=&#8221;{}&#8221; transform_styles__hover_enabled=&#8221;on|hover&#8221; transform_scale__hover=&#8221;110%|110%&#8221; transform_scale__hover_enabled=&#8221;on|hover&#8221; transform_translate__hover_enabled=&#8221;on|desktop&#8221; transform_rotate__hover_enabled=&#8221;on|desktop&#8221; transform_skew__hover_enabled=&#8221;on|desktop&#8221; transform_origin__hover_enabled=&#8221;on|desktop&#8221;][\/et_pb_image][\/et_pb_column][et_pb_column type=&#8221;1_4&#8243; _builder_version=&#8221;4.17.5&#8243; _module_preset=&#8221;default&#8221; global_colors_info=&#8221;{}&#8221;][et_pb_image src=&#8221;https:\/\/ecatech.it\/wp-content\/uploads\/2022\/11\/impianto_a_terra.jpg&#8221; title_text=&#8221;plante_au_sol&#8221; url=&#8221;https:\/\/ecatech.it\/fr\/?page_id=9686&#8243; _builder_version=&#8221;4.21.0&#8243; _module_preset=&#8221;default&#8221; box_shadow_style=&#8221;preset2&#8243; global_colors_info=&#8221;{}&#8221; transform_styles__hover_enabled=&#8221;on|hover&#8221; transform_scale__hover=&#8221;110%|110%&#8221; transform_scale__hover_enabled=&#8221;on|hover&#8221; transform_translate__hover_enabled=&#8221;on|desktop&#8221; transform_rotate__hover_enabled=&#8221;on|desktop&#8221; transform_skew__hover_enabled=&#8221;on|desktop&#8221; transform_origin__hover_enabled=&#8221;on|desktop&#8221;][\/et_pb_image][\/et_pb_column][et_pb_column type=&#8221;1_4&#8243; _builder_version=&#8221;4.17.5&#8243; _module_preset=&#8221;default&#8221; global_colors_info=&#8221;{}&#8221;][et_pb_image src=&#8221;https:\/\/ecatech.it\/wp-content\/uploads\/2022\/11\/ricaricaa_auto.png&#8221; title_text=&#8221;recharge_auto&#8221; url=&#8221;https:\/\/ecatech.it\/fr\/?page_id=9720&#8243; _builder_version=&#8221;4.21.0&#8243; _module_preset=&#8221;default&#8221; box_shadow_style=&#8221;preset2&#8243; global_colors_info=&#8221;{}&#8221; transform_styles__hover_enabled=&#8221;on|hover&#8221; transform_scale__hover=&#8221;110%|110%&#8221; transform_scale__hover_enabled=&#8221;on|hover&#8221; transform_translate__hover_enabled=&#8221;on|desktop&#8221; transform_rotate__hover_enabled=&#8221;on|desktop&#8221; transform_skew__hover_enabled=&#8221;on|desktop&#8221; transform_origin__hover_enabled=&#8221;on|desktop&#8221;][\/et_pb_image][\/et_pb_column][et_pb_column type=&#8221;1_4&#8243; _builder_version=&#8221;4.17.5&#8243; _module_preset=&#8221;default&#8221; global_colors_info=&#8221;{}&#8221;][et_pb_image src=&#8221;https:\/\/ecatech.it\/wp-content\/uploads\/2022\/11\/terziario.png&#8221; title_text=&#8221;tertiaire&#8221; url=&#8221;https:\/\/ecatech.it\/fr\/quel-type-de-client-etes-vous\/industrie\/tertiaire\/&#8221; _builder_version=&#8221;4.21.0&#8243; _module_preset=&#8221;default&#8221; box_shadow_style=&#8221;preset2&#8243; global_colors_info=&#8221;{}&#8221; transform_styles__hover_enabled=&#8221;on|hover&#8221; transform_scale__hover=&#8221;110%|110%&#8221; transform_scale__hover_enabled=&#8221;on|hover&#8221; transform_translate__hover_enabled=&#8221;on|desktop&#8221; transform_rotate__hover_enabled=&#8221;on|desktop&#8221; transform_skew__hover_enabled=&#8221;on|desktop&#8221; transform_origin__hover_enabled=&#8221;on|desktop&#8221;][\/et_pb_image][\/et_pb_column][\/et_pb_row][\/et_pb_section]<\/p>\n","protected":false},"excerpt":{"rendered":"<p>LAVE-AUTOPour ce lave-auto de Bolzano Vicentino, un syst\u00e8me photovolta\u00efque a \u00e9t\u00e9 con\u00e7u qui recouvre enti\u00e8rement le toit des 3 stations. L&#8217;usine correspond \u00e0 102,44 kWc pour une production \u00e9nerg\u00e9tique annuelle de 97 950 kW\/h.produits d\u00e9di\u00e9s\u00c9nergies renouvelables En savoir plus &gt;Climatisation industrielle En savoir plus &gt;Stations de recharge pour voitures En savoir plus &gt;Technologie d&#8217;\u00e9clairage [&hellip;]<\/p>\n","protected":false},"author":6,"featured_media":0,"parent":0,"menu_order":0,"comment_status":"closed","ping_status":"closed","template":"","meta":{"_et_pb_use_builder":"on","_et_pb_old_content":"","_et_gb_content_width":"","footnotes":""},"yoast_head":"<!-- This site is optimized with the Yoast SEO plugin v22.8 - https:\/\/yoast.com\/wordpress\/plugins\/seo\/ -->\n<title>Lavage des camions &#8226; ECA Technology<\/title>\n<meta name=\"robots\" content=\"index, follow, max-snippet:-1, max-image-preview:large, max-video-preview:-1\" \/>\n<link rel=\"canonical\" href=\"https:\/\/ecatech.it\/fr\/lavage-des-camions\/\" \/>\n<meta property=\"og:locale\" content=\"fr_FR\" \/>\n<meta property=\"og:type\" content=\"article\" \/>\n<meta property=\"og:title\" content=\"Lavage des camions &#8226; ECA Technology\" \/>\n<meta property=\"og:description\" content=\"LAVE-AUTOPour ce lave-auto de Bolzano Vicentino, un syst\u00e8me photovolta\u00efque a \u00e9t\u00e9 con\u00e7u qui recouvre enti\u00e8rement le toit des 3 stations. L&#039;usine correspond \u00e0 102,44 kWc pour une production \u00e9nerg\u00e9tique annuelle de 97 950 kW\/h.produits d\u00e9di\u00e9s\u00c9nergies renouvelables En savoir plus &gt;Climatisation industrielle En savoir plus &gt;Stations de recharge pour voitures En savoir plus &gt;Technologie d&#039;\u00e9clairage [&hellip;]\" \/>\n<meta property=\"og:url\" content=\"https:\/\/ecatech.it\/fr\/lavage-des-camions\/\" \/>\n<meta property=\"og:site_name\" content=\"ECA Technology\" \/>\n<meta property=\"article:publisher\" content=\"https:\/\/www.facebook.com\/ecatechnology\/\" \/>\n<meta property=\"article:modified_time\" content=\"2024-06-21T15:22:01+00:00\" \/>\n<meta name=\"twitter:card\" content=\"summary_large_image\" \/>\n<meta name=\"twitter:label1\" content=\"Est. reading time\" \/>\n\t<meta name=\"twitter:data1\" content=\"8 minutes\" \/>\n<script type=\"application\/ld+json\" class=\"yoast-schema-graph\">{\"@context\":\"https:\/\/schema.org\",\"@graph\":[{\"@type\":\"WebPage\",\"@id\":\"https:\/\/ecatech.it\/fr\/lavage-des-camions\/\",\"url\":\"https:\/\/ecatech.it\/fr\/lavage-des-camions\/\",\"name\":\"Lavage des camions &#8226; ECA Technology\",\"isPartOf\":{\"@id\":\"https:\/\/ecatech.it\/#website\"},\"datePublished\":\"2024-06-21T15:21:57+00:00\",\"dateModified\":\"2024-06-21T15:22:01+00:00\",\"breadcrumb\":{\"@id\":\"https:\/\/ecatech.it\/fr\/lavage-des-camions\/#breadcrumb\"},\"inLanguage\":\"fr-FR\",\"potentialAction\":[{\"@type\":\"ReadAction\",\"target\":[\"https:\/\/ecatech.it\/fr\/lavage-des-camions\/\"]}]},{\"@type\":\"BreadcrumbList\",\"@id\":\"https:\/\/ecatech.it\/fr\/lavage-des-camions\/#breadcrumb\",\"itemListElement\":[{\"@type\":\"ListItem\",\"position\":1,\"name\":\"Home\",\"item\":\"https:\/\/ecatech.it\/fr\/\"},{\"@type\":\"ListItem\",\"position\":2,\"name\":\"Lavage des camions\"}]},{\"@type\":\"WebSite\",\"@id\":\"https:\/\/ecatech.it\/#website\",\"url\":\"https:\/\/ecatech.it\/\",\"name\":\"ECA Technology\",\"description\":\"Energy and Air-Conditioning Solutions\",\"publisher\":{\"@id\":\"https:\/\/ecatech.it\/#organization\"},\"potentialAction\":[{\"@type\":\"SearchAction\",\"target\":{\"@type\":\"EntryPoint\",\"urlTemplate\":\"https:\/\/ecatech.it\/?s={search_term_string}\"},\"query-input\":\"required name=search_term_string\"}],\"inLanguage\":\"fr-FR\"},{\"@type\":\"Organization\",\"@id\":\"https:\/\/ecatech.it\/#organization\",\"name\":\"Eca Technology S.r.l.\",\"url\":\"https:\/\/ecatech.it\/\",\"logo\":{\"@type\":\"ImageObject\",\"inLanguage\":\"fr-FR\",\"@id\":\"https:\/\/ecatech.it\/#\/schema\/logo\/image\/\",\"url\":\"https:\/\/ecatech.it\/wp-content\/uploads\/2020\/02\/ECA_Technology.png\",\"contentUrl\":\"https:\/\/ecatech.it\/wp-content\/uploads\/2020\/02\/ECA_Technology.png\",\"width\":550,\"height\":105,\"caption\":\"Eca Technology S.r.l.\"},\"image\":{\"@id\":\"https:\/\/ecatech.it\/#\/schema\/logo\/image\/\"},\"sameAs\":[\"https:\/\/www.facebook.com\/ecatechnology\/\",\"https:\/\/www.youtube.com\/user\/ecatechnology\/feed\",\"https:\/\/www.linkedin.com\/company\/eca-technology\/\",\"https:\/\/www.instagram.com\/ecatechnology\/\"]}]}<\/script>\n<!-- \/ Yoast SEO plugin. -->","yoast_head_json":{"title":"Lavage des camions &#8226; ECA Technology","robots":{"index":"index","follow":"follow","max-snippet":"max-snippet:-1","max-image-preview":"max-image-preview:large","max-video-preview":"max-video-preview:-1"},"canonical":"https:\/\/ecatech.it\/fr\/lavage-des-camions\/","og_locale":"fr_FR","og_type":"article","og_title":"Lavage des camions &#8226; ECA Technology","og_description":"LAVE-AUTOPour ce lave-auto de Bolzano Vicentino, un syst\u00e8me photovolta\u00efque a \u00e9t\u00e9 con\u00e7u qui recouvre enti\u00e8rement le toit des 3 stations. L'usine correspond \u00e0 102,44 kWc pour une production \u00e9nerg\u00e9tique annuelle de 97 950 kW\/h.produits d\u00e9di\u00e9s\u00c9nergies renouvelables En savoir plus &gt;Climatisation industrielle En savoir plus &gt;Stations de recharge pour voitures En savoir plus &gt;Technologie d'\u00e9clairage [&hellip;]","og_url":"https:\/\/ecatech.it\/fr\/lavage-des-camions\/","og_site_name":"ECA Technology","article_publisher":"https:\/\/www.facebook.com\/ecatechnology\/","article_modified_time":"2024-06-21T15:22:01+00:00","twitter_card":"summary_large_image","twitter_misc":{"Est. reading time":"8 minutes"},"schema":{"@context":"https:\/\/schema.org","@graph":[{"@type":"WebPage","@id":"https:\/\/ecatech.it\/fr\/lavage-des-camions\/","url":"https:\/\/ecatech.it\/fr\/lavage-des-camions\/","name":"Lavage des camions &#8226; ECA Technology","isPartOf":{"@id":"https:\/\/ecatech.it\/#website"},"datePublished":"2024-06-21T15:21:57+00:00","dateModified":"2024-06-21T15:22:01+00:00","breadcrumb":{"@id":"https:\/\/ecatech.it\/fr\/lavage-des-camions\/#breadcrumb"},"inLanguage":"fr-FR","potentialAction":[{"@type":"ReadAction","target":["https:\/\/ecatech.it\/fr\/lavage-des-camions\/"]}]},{"@type":"BreadcrumbList","@id":"https:\/\/ecatech.it\/fr\/lavage-des-camions\/#breadcrumb","itemListElement":[{"@type":"ListItem","position":1,"name":"Home","item":"https:\/\/ecatech.it\/fr\/"},{"@type":"ListItem","position":2,"name":"Lavage des camions"}]},{"@type":"WebSite","@id":"https:\/\/ecatech.it\/#website","url":"https:\/\/ecatech.it\/","name":"ECA Technology","description":"Energy and Air-Conditioning Solutions","publisher":{"@id":"https:\/\/ecatech.it\/#organization"},"potentialAction":[{"@type":"SearchAction","target":{"@type":"EntryPoint","urlTemplate":"https:\/\/ecatech.it\/?s={search_term_string}"},"query-input":"required name=search_term_string"}],"inLanguage":"fr-FR"},{"@type":"Organization","@id":"https:\/\/ecatech.it\/#organization","name":"Eca Technology S.r.l.","url":"https:\/\/ecatech.it\/","logo":{"@type":"ImageObject","inLanguage":"fr-FR","@id":"https:\/\/ecatech.it\/#\/schema\/logo\/image\/","url":"https:\/\/ecatech.it\/wp-content\/uploads\/2020\/02\/ECA_Technology.png","contentUrl":"https:\/\/ecatech.it\/wp-content\/uploads\/2020\/02\/ECA_Technology.png","width":550,"height":105,"caption":"Eca Technology S.r.l."},"image":{"@id":"https:\/\/ecatech.it\/#\/schema\/logo\/image\/"},"sameAs":["https:\/\/www.facebook.com\/ecatechnology\/","https:\/\/www.youtube.com\/user\/ecatechnology\/feed","https:\/\/www.linkedin.com\/company\/eca-technology\/","https:\/\/www.instagram.com\/ecatechnology\/"]}]}},"_links":{"self":[{"href":"https:\/\/ecatech.it\/fr\/wp-json\/wp\/v2\/pages\/13537"}],"collection":[{"href":"https:\/\/ecatech.it\/fr\/wp-json\/wp\/v2\/pages"}],"about":[{"href":"https:\/\/ecatech.it\/fr\/wp-json\/wp\/v2\/types\/page"}],"author":[{"embeddable":true,"href":"https:\/\/ecatech.it\/fr\/wp-json\/wp\/v2\/users\/6"}],"replies":[{"embeddable":true,"href":"https:\/\/ecatech.it\/fr\/wp-json\/wp\/v2\/comments?post=13537"}],"version-history":[{"count":0,"href":"https:\/\/ecatech.it\/fr\/wp-json\/wp\/v2\/pages\/13537\/revisions"}],"wp:attachment":[{"href":"https:\/\/ecatech.it\/fr\/wp-json\/wp\/v2\/media?parent=13537"}],"curies":[{"name":"wp","href":"https:\/\/api.w.org\/{rel}","templated":true}]}}