{"id":14690,"date":"2026-02-16T10:00:25","date_gmt":"2026-02-16T09:00:25","guid":{"rendered":"https:\/\/ecatech.it\/ratti\/"},"modified":"2026-02-16T10:00:28","modified_gmt":"2026-02-16T09:00:28","slug":"ratti","status":"publish","type":"page","link":"https:\/\/ecatech.it\/fr\/ratti\/","title":{"rendered":"RATTI"},"content":{"rendered":"<p>[et_pb_section fb_built=&#8221;1&#8243; _builder_version=&#8221;4.21.0&#8243; _module_preset=&#8221;default&#8221; background_color=&#8221;#FFFFFF&#8221; global_colors_info=&#8221;{}&#8221;][et_pb_row _builder_version=&#8221;4.17.5&#8243; _module_preset=&#8221;default&#8221; hover_enabled=&#8221;0&#8243; global_colors_info=&#8221;{}&#8221; sticky_enabled=&#8221;0&#8243;][et_pb_column type=&#8221;4_4&#8243; _builder_version=&#8221;4.17.5&#8243; _module_preset=&#8221;default&#8221; global_colors_info=&#8221;{}&#8221;][et_pb_code _builder_version=&#8221;4.21.0&#8243; _module_preset=&#8221;default&#8221; global_colors_info=&#8221;{}&#8221;]<!-- [et_pb_line_break_holder] -->[\/et_pb_code][\/et_pb_column][\/et_pb_row][\/et_pb_section][et_pb_section fb_built=&#8221;1&#8243; _builder_version=&#8221;4.21.0&#8243; _module_preset=&#8221;default&#8221; background_color=&#8221;#FFFFFF&#8221; global_colors_info=&#8221;{}&#8221;][et_pb_row _builder_version=&#8221;4.17.5&#8243; _module_preset=&#8221;default&#8221; global_colors_info=&#8221;{}&#8221;][et_pb_column type=&#8221;4_4&#8243; _builder_version=&#8221;4.17.5&#8243; _module_preset=&#8221;default&#8221; global_colors_info=&#8221;{}&#8221;][et_pb_text _builder_version=&#8221;4.27.4&#8243; _module_preset=&#8221;default&#8221; text_font=&#8221;|300|||||||&#8221; header_font=&#8221;luloclean-bold||||||||&#8221; header_font_size=&#8221;28px&#8221; text_orientation=&#8221;center&#8221; module_alignment=&#8221;center&#8221; global_colors_info=&#8221;{}&#8221;]<\/p>\n<h2 class=\"p1\">RATTI<\/h2>\n<p>[\/et_pb_text][et_pb_text _builder_version=&#8221;4.27.4&#8243; _module_preset=&#8221;default&#8221; global_colors_info=&#8221;{}&#8221;]<\/p>\n<p class=\"p1\"><b>Guanzate (CO)<\/b><b><\/b><\/p>\n<p class=\"p1\">Puissance du g\u00e9n\u00e9rateur : 1,08 MWc<\/p>\n<p class=\"p1\">C&#8217;est une entreprise italienne historique et prestigieuse, fond\u00e9e en 1945 par Antonio Ratti, leader mondial de la production de tissus de haute qualit\u00e9 per l&#8217;habillement, la cravaterie, la chemiserie et l&#8217;ameublement.<\/p>\n<p class=\"p2\">Ce document constitue le projet d&#8217;ex\u00e9cution pour la r\u00e9alisation d&#8217;une nouvelle section 3 d&#8217;une puissance g\u00e9n\u00e9rateur CC de 232,50 kWc et d&#8217;une nouvelle section 4 d&#8217;une puissance g\u00e9n\u00e9rateur CC de 48,24 kWc, pour une puissance totale du g\u00e9n\u00e9rateur \u00e9gale \u00e0 1 082,09 kWc, en additionnant les sections existantes 1 (601,60 kWc) et 2 (199,75 kWc), raccord\u00e9e au r\u00e9seau \u00e9lectrique moyenne tension de 15 kV. La nouvelle puissance maximale inject\u00e9e sur le r\u00e9seau est de 999 kW.<\/p>\n<p class=\"p2\">La section 3 est compos\u00e9e de 750 modules photovolta\u00efques en silicium monocristallin de 310 Wc et la section 4 est compos\u00e9e de 144 modules photovolta\u00efques en silicium monocristallin de 335 Wc.<\/p>\n<p class=\"p3\"><b><\/b><\/p>\n<p class=\"p2\">L&#8217;\u00e9valuation \u00e9nerg\u00e9tique conduit \u00e0 l&#8217;estimation d&#8217;une production d&#8217;\u00e9lectricit\u00e9 d&#8217;environ 249 000 kWh par an pour la section 3 et de 52 600 kWh par an pour la section 4.<\/p>\n<p class=\"p3\">\n<p class=\"p2\"><b>\u00c9missions de $CO2 \u00e9vit\u00e9es par an : 120,6 t<\/b><\/p>\n<p>[\/et_pb_text][\/et_pb_column][\/et_pb_row][\/et_pb_section][et_pb_section fb_built=&#8221;1&#8243; custom_padding_last_edited=&#8221;on|phone&#8221; disabled_on=&#8221;off|off|off&#8221; admin_label=&#8221;How it works&#8221; _builder_version=&#8221;4.21.0&#8243; background_color=&#8221;gcid-50594860-09f7-497a-9097-78131afb50ce&#8221; background_enable_image=&#8221;off&#8221; background_position=&#8221;bottom_center&#8221; background_blend=&#8221;overlay&#8221; custom_padding=&#8221;50px||50px||true|false&#8221; custom_padding_tablet=&#8221;&#8221; custom_padding_phone=&#8221;50px||50px||true|false&#8221; bottom_divider_color=&#8221;rgba(86,86,86,0.04)&#8221; bottom_divider_height=&#8221;300px&#8221; animation_style=&#8221;fade&#8221; locked=&#8221;off&#8221; global_colors_info=&#8221;{%22gcid-50594860-09f7-497a-9097-78131afb50ce%22:%91%22background_color%22%93}&#8221;][et_pb_row _builder_version=&#8221;4.16&#8243; custom_margin=&#8221;|auto|37px|auto||&#8221; custom_padding=&#8221;||40px|||&#8221; global_colors_info=&#8221;{}&#8221;][et_pb_column type=&#8221;4_4&#8243; _builder_version=&#8221;4.16&#8243; global_colors_info=&#8221;{}&#8221;][et_pb_text _builder_version=&#8221;4.17.5&#8243; text_font=&#8221;|300|||||||&#8221; header_font=&#8221;luloclean-bold||||||||&#8221; header_font_size=&#8221;28px&#8221; text_orientation=&#8221;center&#8221; width_tablet=&#8221;100%&#8221; width_last_edited=&#8221;off|desktop&#8221; module_alignment=&#8221;center&#8221; header_font_size_phone=&#8221;40px&#8221; header_font_size_last_edited=&#8221;off|desktop&#8221; global_colors_info=&#8221;{}&#8221;]<\/p>\n<h1>produits d\u00e9di\u00e9s<\/h1>\n<p>[\/et_pb_text][\/et_pb_column][\/et_pb_row][et_pb_row column_structure=&#8221;1_4,1_4,1_4,1_4&#8243; make_equal=&#8221;on&#8221; _builder_version=&#8221;4.17.4&#8243; _module_preset=&#8221;default&#8221; positioning=&#8221;none&#8221; position_origin_f=&#8221;bottom_center&#8221; position_origin_r=&#8221;bottom_left&#8221; max_width=&#8221;100%&#8221; custom_padding=&#8221;||||false|false&#8221; animation_style=&#8221;slide&#8221; animation_direction=&#8221;bottom&#8221; animation_intensity_slide=&#8221;5%&#8221; custom_css_main_element=&#8221;align-items: flex-end;&#8221; locked=&#8221;off&#8221; global_colors_info=&#8221;{}&#8221;][et_pb_column type=&#8221;1_4&#8243; _builder_version=&#8221;4.17.4&#8243; _module_preset=&#8221;default&#8221; global_colors_info=&#8221;{}&#8221;][et_pb_blurb url=&#8221;@ET-DC@eyJkeW5hbWljIjp0cnVlLCJjb250ZW50IjoicG9zdF9saW5rX3VybF9wYWdlIiwic2V0dGluZ3MiOnsicG9zdF9pZCI6IjEwNDEiLCJlbmFibGVfaHRtbCI6Im9mZiJ9fQ==@&#8221; image=&#8221;https:\/\/ecatech.it\/wp-content\/uploads\/2023\/05\/energie-rinnovabili.jpg&#8221; image_icon_width=&#8221;100%&#8221; content_max_width=&#8221;448px&#8221; _builder_version=&#8221;4.21.0&#8243; _dynamic_attributes=&#8221;url,link_option_url&#8221; _module_preset=&#8221;default&#8221; header_font=&#8221;Avenir &#8211; Book||||||||&#8221; header_letter_spacing=&#8221;1px&#8221; header_line_height=&#8221;1.3em&#8221; body_font=&#8221;Avenir &#8211; Book|600|||||||&#8221; body_text_align=&#8221;left&#8221; body_text_color=&#8221;#565656&#8243; body_font_size=&#8221;17px&#8221; body_letter_spacing=&#8221;1px&#8221; body_line_height=&#8221;1.3em&#8221; background_color=&#8221;#FFFFFF&#8221; text_orientation=&#8221;center&#8221; custom_margin=&#8221;|0px||0px|false|false&#8221; custom_padding=&#8221;50px|20px|30px|20px|false|false&#8221; link_option_url=&#8221;@ET-DC@eyJkeW5hbWljIjp0cnVlLCJjb250ZW50IjoicG9zdF9saW5rX3VybF9wYWdlIiwic2V0dGluZ3MiOnsicG9zdF9pZCI6IjEwNDEiLCJlbmFibGVfaHRtbCI6Im9mZiJ9fQ==@&#8221; box_shadow_style=&#8221;preset3&#8243; global_colors_info=&#8221;{}&#8221;]<\/p>\n<h3><span style=\"color: #565656;\">\u00c9nergies renouvelables<\/span><\/h3>\n<h6><span style=\"color: #004380;\">En savoir plus  &gt;<\/span><\/h6>\n<p>[\/et_pb_blurb][\/et_pb_column][et_pb_column type=&#8221;1_4&#8243; _builder_version=&#8221;4.17.4&#8243; _module_preset=&#8221;default&#8221; positioning=&#8221;none&#8221; position_origin_r=&#8221;bottom_left&#8221; global_colors_info=&#8221;{}&#8221;][et_pb_blurb url=&#8221;@ET-DC@eyJkeW5hbWljIjp0cnVlLCJjb250ZW50IjoicG9zdF9saW5rX3VybF9wYWdlIiwic2V0dGluZ3MiOnsicG9zdF9pZCI6IjE2MjYiLCJlbmFibGVfaHRtbCI6Im9mZiJ9fQ==@&#8221; image=&#8221;https:\/\/ecatech.it\/wp-content\/uploads\/2023\/05\/BWHE-Z.jpg&#8221; image_icon_width=&#8221;100%&#8221; content_max_width=&#8221;448px&#8221; _builder_version=&#8221;4.21.0&#8243; _dynamic_attributes=&#8221;url,link_option_url&#8221; _module_preset=&#8221;default&#8221; header_font=&#8221;Avenir &#8211; Book||||||||&#8221; header_letter_spacing=&#8221;1px&#8221; header_line_height=&#8221;1.3em&#8221; body_font=&#8221;Avenir &#8211; Book|600|||||||&#8221; body_text_align=&#8221;left&#8221; body_text_color=&#8221;#565656&#8243; body_font_size=&#8221;17px&#8221; body_letter_spacing=&#8221;1px&#8221; body_line_height=&#8221;1.3em&#8221; background_color=&#8221;#FFFFFF&#8221; text_orientation=&#8221;center&#8221; custom_margin=&#8221;|0px||0px|false|false&#8221; custom_padding=&#8221;30px|20px|30px|20px|false|false&#8221; link_option_url=&#8221;@ET-DC@eyJkeW5hbWljIjp0cnVlLCJjb250ZW50IjoicG9zdF9saW5rX3VybF9wYWdlIiwic2V0dGluZ3MiOnsicG9zdF9pZCI6IjE2MjYiLCJlbmFibGVfaHRtbCI6Im9mZiJ9fQ==@&#8221; box_shadow_style=&#8221;preset3&#8243; global_colors_info=&#8221;{}&#8221;]<\/p>\n<h3><span style=\"color: #565656;\">Climatisation industrielle<\/span><\/h3>\n<h6><span style=\"color: #004380;\">En savoir plus  &gt;<\/span><\/h6>\n<p>[\/et_pb_blurb][\/et_pb_column][et_pb_column type=&#8221;1_4&#8243; _builder_version=&#8221;4.17.4&#8243; _module_preset=&#8221;default&#8221; global_colors_info=&#8221;{}&#8221;][et_pb_blurb url=&#8221;@ET-DC@eyJkeW5hbWljIjp0cnVlLCJjb250ZW50IjoicG9zdF9saW5rX3VybF9wYWdlIiwic2V0dGluZ3MiOnsicG9zdF9pZCI6Ijk3MTgiLCJlbmFibGVfaHRtbCI6Im9mZiJ9fQ==@&#8221; image=&#8221;https:\/\/ecatech.it\/wp-content\/uploads\/2023\/05\/copperSB-overview-768&#215;691-1.jpg&#8221; image_icon_width=&#8221;100%&#8221; content_max_width=&#8221;448px&#8221; _builder_version=&#8221;4.21.0&#8243; _dynamic_attributes=&#8221;url,link_option_url&#8221; _module_preset=&#8221;default&#8221; header_font=&#8221;Avenir &#8211; Book||||||||&#8221; header_letter_spacing=&#8221;1px&#8221; header_line_height=&#8221;1.3em&#8221; body_font=&#8221;Avenir &#8211; Book|600|||||||&#8221; body_text_align=&#8221;left&#8221; body_text_color=&#8221;#565656&#8243; body_font_size=&#8221;17px&#8221; body_letter_spacing=&#8221;1px&#8221; body_line_height=&#8221;1.3em&#8221; background_color=&#8221;#FFFFFF&#8221; text_orientation=&#8221;center&#8221; custom_margin=&#8221;|0px||0px|false|false&#8221; custom_padding=&#8221;50px|20px|30px|20px|false|false&#8221; link_option_url=&#8221;@ET-DC@eyJkeW5hbWljIjp0cnVlLCJjb250ZW50IjoicG9zdF9saW5rX3VybF9wYWdlIiwic2V0dGluZ3MiOnsicG9zdF9pZCI6Ijk3MTgiLCJlbmFibGVfaHRtbCI6Im9mZiJ9fQ==@&#8221; box_shadow_style=&#8221;preset3&#8243; global_colors_info=&#8221;{}&#8221;]<\/p>\n<h3><span style=\"color: #565656;\">Stations de recharge pour voitures<\/span><\/h3>\n<h6><span style=\"color: #004380;\">En savoir plus  &gt;<\/span><\/h6>\n<p>[\/et_pb_blurb][\/et_pb_column][et_pb_column type=&#8221;1_4&#8243; _builder_version=&#8221;4.17.4&#8243; _module_preset=&#8221;default&#8221; global_colors_info=&#8221;{}&#8221;][et_pb_blurb url=&#8221;@ET-DC@eyJkeW5hbWljIjp0cnVlLCJjb250ZW50IjoicG9zdF9saW5rX3VybF9wYWdlIiwic2V0dGluZ3MiOnsicG9zdF9pZCI6IjgwOCIsImVuYWJsZV9odG1sIjoib2ZmIn19@&#8221; image=&#8221;https:\/\/ecatech.it\/wp-content\/uploads\/2023\/05\/LED-ILLUMINOTECNICA_1.jpg&#8221; image_icon_width=&#8221;100%&#8221; content_max_width=&#8221;448px&#8221; _builder_version=&#8221;4.21.0&#8243; _dynamic_attributes=&#8221;url,link_option_url&#8221; _module_preset=&#8221;default&#8221; header_font=&#8221;Avenir &#8211; Book||||||||&#8221; header_letter_spacing=&#8221;1px&#8221; header_line_height=&#8221;1.3em&#8221; body_font=&#8221;Avenir &#8211; Book|600|||||||&#8221; body_text_align=&#8221;left&#8221; body_text_color=&#8221;#565656&#8243; body_font_size=&#8221;17px&#8221; body_letter_spacing=&#8221;1px&#8221; body_line_height=&#8221;1.3em&#8221; background_color=&#8221;#FFFFFF&#8221; text_orientation=&#8221;center&#8221; custom_margin=&#8221;|0px||0px|false|false&#8221; custom_padding=&#8221;50px|20px|30px|20px|false|false&#8221; link_option_url=&#8221;@ET-DC@eyJkeW5hbWljIjp0cnVlLCJjb250ZW50IjoicG9zdF9saW5rX3VybF9wYWdlIiwic2V0dGluZ3MiOnsicG9zdF9pZCI6IjgwOCIsImVuYWJsZV9odG1sIjoib2ZmIn19@&#8221; box_shadow_style=&#8221;preset3&#8243; global_colors_info=&#8221;{}&#8221;]<\/p>\n<h3><span style=\"color: #565656;\">Technologie d&#8217;\u00e9clairage LED<\/span><\/h3>\n<h6><span style=\"color: #004380;\">En savoir plus  &gt;<\/span><\/h6>\n<p>[\/et_pb_blurb][\/et_pb_column][\/et_pb_row][\/et_pb_section][et_pb_section fb_built=&#8221;1&#8243; _builder_version=&#8221;4.21.0&#8243; _module_preset=&#8221;default&#8221; background_color=&#8221;#FFFFFF&#8221; locked=&#8221;off&#8221; global_colors_info=&#8221;{}&#8221;][et_pb_row _builder_version=&#8221;4.16&#8243; custom_margin=&#8221;|auto|37px|auto||&#8221; custom_padding=&#8221;26px||29px|||&#8221; global_colors_info=&#8221;{}&#8221;][et_pb_column type=&#8221;4_4&#8243; _builder_version=&#8221;4.16&#8243; global_colors_info=&#8221;{}&#8221;][et_pb_text _builder_version=&#8221;4.17.5&#8243; text_font=&#8221;|300|||||||&#8221; header_font=&#8221;luloclean-bold||||||||&#8221; header_font_size=&#8221;28px&#8221; text_orientation=&#8221;center&#8221; width_tablet=&#8221;100%&#8221; width_last_edited=&#8221;off|desktop&#8221; module_alignment=&#8221;center&#8221; header_font_size_phone=&#8221;40px&#8221; header_font_size_last_edited=&#8221;off|desktop&#8221; global_colors_info=&#8221;{}&#8221;]<\/p>\n<h1 style=\"text-align: center;\">R\u00c9F\u00c9RENCES SIMILAIRES<\/h1>\n<p>[\/et_pb_text][\/et_pb_column][\/et_pb_row][et_pb_row column_structure=&#8221;1_4,1_4,1_4,1_4&#8243; _builder_version=&#8221;4.17.5&#8243; _module_preset=&#8221;default&#8221; max_width=&#8221;100%&#8221; animation_style=&#8221;slide&#8221; animation_direction=&#8221;bottom&#8221; animation_intensity_slide=&#8221;5%&#8221; global_colors_info=&#8221;{}&#8221;][et_pb_column type=&#8221;1_4&#8243; _builder_version=&#8221;4.17.5&#8243; _module_preset=&#8221;default&#8221; global_colors_info=&#8221;{}&#8221;][et_pb_image src=&#8221;https:\/\/ecatech.it\/wp-content\/uploads\/2022\/11\/Industria.png&#8221; title_text=&#8221;L&#039;industrie&#8221; url=&#8221;https:\/\/ecatech.it\/fr\/quel-type-de-client-etes-vous\/industrie\/industrie\/&#8221; _builder_version=&#8221;4.21.0&#8243; _module_preset=&#8221;default&#8221; box_shadow_style=&#8221;preset2&#8243; global_colors_info=&#8221;{}&#8221; transform_styles__hover_enabled=&#8221;on|hover&#8221; transform_scale__hover=&#8221;110%|110%&#8221; transform_scale__hover_enabled=&#8221;on|hover&#8221; transform_translate__hover_enabled=&#8221;on|desktop&#8221; transform_rotate__hover_enabled=&#8221;on|desktop&#8221; transform_skew__hover_enabled=&#8221;on|desktop&#8221; transform_origin__hover_enabled=&#8221;on|desktop&#8221;][\/et_pb_image][\/et_pb_column][et_pb_column type=&#8221;1_4&#8243; _builder_version=&#8221;4.17.5&#8243; _module_preset=&#8221;default&#8221; global_colors_info=&#8221;{}&#8221;][et_pb_image src=&#8221;https:\/\/ecatech.it\/wp-content\/uploads\/2022\/11\/impianto_a_terra.jpg&#8221; title_text=&#8221;plante_au_sol&#8221; url=&#8221;https:\/\/ecatech.it\/fr\/?page_id=9686&#8243; _builder_version=&#8221;4.21.0&#8243; _module_preset=&#8221;default&#8221; box_shadow_style=&#8221;preset2&#8243; global_colors_info=&#8221;{}&#8221; transform_styles__hover_enabled=&#8221;on|hover&#8221; transform_scale__hover=&#8221;110%|110%&#8221; transform_scale__hover_enabled=&#8221;on|hover&#8221; transform_translate__hover_enabled=&#8221;on|desktop&#8221; transform_rotate__hover_enabled=&#8221;on|desktop&#8221; transform_skew__hover_enabled=&#8221;on|desktop&#8221; transform_origin__hover_enabled=&#8221;on|desktop&#8221;][\/et_pb_image][\/et_pb_column][et_pb_column type=&#8221;1_4&#8243; _builder_version=&#8221;4.17.5&#8243; _module_preset=&#8221;default&#8221; global_colors_info=&#8221;{}&#8221;][et_pb_image src=&#8221;https:\/\/ecatech.it\/wp-content\/uploads\/2022\/11\/ricaricaa_auto.png&#8221; title_text=&#8221;recharge_auto&#8221; url=&#8221;https:\/\/ecatech.it\/fr\/?page_id=9720&#8243; _builder_version=&#8221;4.21.0&#8243; _module_preset=&#8221;default&#8221; box_shadow_style=&#8221;preset2&#8243; global_colors_info=&#8221;{}&#8221; transform_styles__hover_enabled=&#8221;on|hover&#8221; transform_scale__hover=&#8221;110%|110%&#8221; transform_scale__hover_enabled=&#8221;on|hover&#8221; transform_translate__hover_enabled=&#8221;on|desktop&#8221; transform_rotate__hover_enabled=&#8221;on|desktop&#8221; transform_skew__hover_enabled=&#8221;on|desktop&#8221; transform_origin__hover_enabled=&#8221;on|desktop&#8221;][\/et_pb_image][\/et_pb_column][et_pb_column type=&#8221;1_4&#8243; _builder_version=&#8221;4.17.5&#8243; _module_preset=&#8221;default&#8221; global_colors_info=&#8221;{}&#8221;][et_pb_image src=&#8221;https:\/\/ecatech.it\/wp-content\/uploads\/2022\/11\/terziario.png&#8221; title_text=&#8221;tertiaire&#8221; url=&#8221;https:\/\/ecatech.it\/fr\/quel-type-de-client-etes-vous\/industrie\/tertiaire\/&#8221; _builder_version=&#8221;4.21.0&#8243; _module_preset=&#8221;default&#8221; box_shadow_style=&#8221;preset2&#8243; global_colors_info=&#8221;{}&#8221; transform_styles__hover_enabled=&#8221;on|hover&#8221; transform_scale__hover=&#8221;110%|110%&#8221; transform_scale__hover_enabled=&#8221;on|hover&#8221; transform_translate__hover_enabled=&#8221;on|desktop&#8221; transform_rotate__hover_enabled=&#8221;on|desktop&#8221; transform_skew__hover_enabled=&#8221;on|desktop&#8221; transform_origin__hover_enabled=&#8221;on|desktop&#8221;][\/et_pb_image][\/et_pb_column][\/et_pb_row][\/et_pb_section]<\/p>\n","protected":false},"excerpt":{"rendered":"<p>RATTIGuanzate (CO) Puissance du g\u00e9n\u00e9rateur : 1,08 MWc C&#8217;est une entreprise italienne historique et prestigieuse, fond\u00e9e en 1945 par Antonio Ratti, leader mondial de la production de tissus de haute qualit\u00e9 per l&#8217;habillement, la cravaterie, la chemiserie et l&#8217;ameublement. Ce document constitue le projet d&#8217;ex\u00e9cution pour la r\u00e9alisation d&#8217;une nouvelle section 3 d&#8217;une puissance [&hellip;]<\/p>\n","protected":false},"author":9,"featured_media":0,"parent":0,"menu_order":0,"comment_status":"closed","ping_status":"closed","template":"","meta":{"_et_pb_use_builder":"on","_et_pb_old_content":"","_et_gb_content_width":"","footnotes":""},"yoast_head":"<!-- This site is optimized with the Yoast SEO plugin v22.8 - https:\/\/yoast.com\/wordpress\/plugins\/seo\/ -->\n<title>Photovolta\u00efque pour l&#039;Industrie Textile : Ratti 1 MW | ECA Technology<\/title>\n<meta name=\"description\" content=\"Extension de la centrale photovolta\u00efque Ratti (C\u00f4me) : nouvelles sections pour un total de 1,08 MW. \u00c9nergie propre au service de l&#039;excellence textile.\" \/>\n<meta name=\"robots\" content=\"index, follow, max-snippet:-1, max-image-preview:large, max-video-preview:-1\" \/>\n<link rel=\"canonical\" href=\"https:\/\/ecatech.it\/fr\/ratti\/\" \/>\n<meta property=\"og:locale\" content=\"fr_FR\" \/>\n<meta property=\"og:type\" content=\"article\" \/>\n<meta property=\"og:title\" content=\"Photovolta\u00efque pour l&#039;Industrie Textile : Ratti 1 MW | ECA Technology\" \/>\n<meta property=\"og:description\" content=\"Extension de la centrale photovolta\u00efque Ratti (C\u00f4me) : nouvelles sections pour un total de 1,08 MW. \u00c9nergie propre au service de l&#039;excellence textile.\" \/>\n<meta property=\"og:url\" content=\"https:\/\/ecatech.it\/fr\/ratti\/\" \/>\n<meta property=\"og:site_name\" content=\"ECA Technology\" \/>\n<meta property=\"article:publisher\" content=\"https:\/\/www.facebook.com\/ecatechnology\/\" \/>\n<meta property=\"article:modified_time\" content=\"2026-02-16T09:00:28+00:00\" \/>\n<meta name=\"twitter:card\" content=\"summary_large_image\" \/>\n<meta name=\"twitter:label1\" content=\"Est. reading time\" \/>\n\t<meta name=\"twitter:data1\" content=\"9 minutes\" \/>\n<script type=\"application\/ld+json\" class=\"yoast-schema-graph\">{\"@context\":\"https:\/\/schema.org\",\"@graph\":[{\"@type\":\"WebPage\",\"@id\":\"https:\/\/ecatech.it\/fr\/ratti\/\",\"url\":\"https:\/\/ecatech.it\/fr\/ratti\/\",\"name\":\"Photovolta\u00efque pour l'Industrie Textile : Ratti 1 MW | ECA Technology\",\"isPartOf\":{\"@id\":\"https:\/\/ecatech.it\/#website\"},\"datePublished\":\"2026-02-16T09:00:25+00:00\",\"dateModified\":\"2026-02-16T09:00:28+00:00\",\"description\":\"Extension de la centrale photovolta\u00efque Ratti (C\u00f4me) : nouvelles sections pour un total de 1,08 MW. \u00c9nergie propre au service de l'excellence textile.\",\"breadcrumb\":{\"@id\":\"https:\/\/ecatech.it\/fr\/ratti\/#breadcrumb\"},\"inLanguage\":\"fr-FR\",\"potentialAction\":[{\"@type\":\"ReadAction\",\"target\":[\"https:\/\/ecatech.it\/fr\/ratti\/\"]}]},{\"@type\":\"BreadcrumbList\",\"@id\":\"https:\/\/ecatech.it\/fr\/ratti\/#breadcrumb\",\"itemListElement\":[{\"@type\":\"ListItem\",\"position\":1,\"name\":\"Home\",\"item\":\"https:\/\/ecatech.it\/fr\/\"},{\"@type\":\"ListItem\",\"position\":2,\"name\":\"RATTI\"}]},{\"@type\":\"WebSite\",\"@id\":\"https:\/\/ecatech.it\/#website\",\"url\":\"https:\/\/ecatech.it\/\",\"name\":\"ECA Technology\",\"description\":\"Energy and Air-Conditioning Solutions\",\"publisher\":{\"@id\":\"https:\/\/ecatech.it\/#organization\"},\"potentialAction\":[{\"@type\":\"SearchAction\",\"target\":{\"@type\":\"EntryPoint\",\"urlTemplate\":\"https:\/\/ecatech.it\/?s={search_term_string}\"},\"query-input\":\"required name=search_term_string\"}],\"inLanguage\":\"fr-FR\"},{\"@type\":\"Organization\",\"@id\":\"https:\/\/ecatech.it\/#organization\",\"name\":\"Eca Technology S.r.l.\",\"url\":\"https:\/\/ecatech.it\/\",\"logo\":{\"@type\":\"ImageObject\",\"inLanguage\":\"fr-FR\",\"@id\":\"https:\/\/ecatech.it\/#\/schema\/logo\/image\/\",\"url\":\"https:\/\/ecatech.it\/wp-content\/uploads\/2020\/02\/ECA_Technology.png\",\"contentUrl\":\"https:\/\/ecatech.it\/wp-content\/uploads\/2020\/02\/ECA_Technology.png\",\"width\":550,\"height\":105,\"caption\":\"Eca Technology S.r.l.\"},\"image\":{\"@id\":\"https:\/\/ecatech.it\/#\/schema\/logo\/image\/\"},\"sameAs\":[\"https:\/\/www.facebook.com\/ecatechnology\/\",\"https:\/\/www.youtube.com\/user\/ecatechnology\/feed\",\"https:\/\/www.linkedin.com\/company\/eca-technology\/\",\"https:\/\/www.instagram.com\/ecatechnology\/\"]}]}<\/script>\n<!-- \/ Yoast SEO plugin. -->","yoast_head_json":{"title":"Photovolta\u00efque pour l'Industrie Textile : Ratti 1 MW | ECA Technology","description":"Extension de la centrale photovolta\u00efque Ratti (C\u00f4me) : nouvelles sections pour un total de 1,08 MW. \u00c9nergie propre au service de l'excellence textile.","robots":{"index":"index","follow":"follow","max-snippet":"max-snippet:-1","max-image-preview":"max-image-preview:large","max-video-preview":"max-video-preview:-1"},"canonical":"https:\/\/ecatech.it\/fr\/ratti\/","og_locale":"fr_FR","og_type":"article","og_title":"Photovolta\u00efque pour l'Industrie Textile : Ratti 1 MW | ECA Technology","og_description":"Extension de la centrale photovolta\u00efque Ratti (C\u00f4me) : nouvelles sections pour un total de 1,08 MW. \u00c9nergie propre au service de l'excellence textile.","og_url":"https:\/\/ecatech.it\/fr\/ratti\/","og_site_name":"ECA Technology","article_publisher":"https:\/\/www.facebook.com\/ecatechnology\/","article_modified_time":"2026-02-16T09:00:28+00:00","twitter_card":"summary_large_image","twitter_misc":{"Est. reading time":"9 minutes"},"schema":{"@context":"https:\/\/schema.org","@graph":[{"@type":"WebPage","@id":"https:\/\/ecatech.it\/fr\/ratti\/","url":"https:\/\/ecatech.it\/fr\/ratti\/","name":"Photovolta\u00efque pour l'Industrie Textile : Ratti 1 MW | ECA Technology","isPartOf":{"@id":"https:\/\/ecatech.it\/#website"},"datePublished":"2026-02-16T09:00:25+00:00","dateModified":"2026-02-16T09:00:28+00:00","description":"Extension de la centrale photovolta\u00efque Ratti (C\u00f4me) : nouvelles sections pour un total de 1,08 MW. \u00c9nergie propre au service de l'excellence textile.","breadcrumb":{"@id":"https:\/\/ecatech.it\/fr\/ratti\/#breadcrumb"},"inLanguage":"fr-FR","potentialAction":[{"@type":"ReadAction","target":["https:\/\/ecatech.it\/fr\/ratti\/"]}]},{"@type":"BreadcrumbList","@id":"https:\/\/ecatech.it\/fr\/ratti\/#breadcrumb","itemListElement":[{"@type":"ListItem","position":1,"name":"Home","item":"https:\/\/ecatech.it\/fr\/"},{"@type":"ListItem","position":2,"name":"RATTI"}]},{"@type":"WebSite","@id":"https:\/\/ecatech.it\/#website","url":"https:\/\/ecatech.it\/","name":"ECA Technology","description":"Energy and Air-Conditioning Solutions","publisher":{"@id":"https:\/\/ecatech.it\/#organization"},"potentialAction":[{"@type":"SearchAction","target":{"@type":"EntryPoint","urlTemplate":"https:\/\/ecatech.it\/?s={search_term_string}"},"query-input":"required name=search_term_string"}],"inLanguage":"fr-FR"},{"@type":"Organization","@id":"https:\/\/ecatech.it\/#organization","name":"Eca Technology S.r.l.","url":"https:\/\/ecatech.it\/","logo":{"@type":"ImageObject","inLanguage":"fr-FR","@id":"https:\/\/ecatech.it\/#\/schema\/logo\/image\/","url":"https:\/\/ecatech.it\/wp-content\/uploads\/2020\/02\/ECA_Technology.png","contentUrl":"https:\/\/ecatech.it\/wp-content\/uploads\/2020\/02\/ECA_Technology.png","width":550,"height":105,"caption":"Eca Technology S.r.l."},"image":{"@id":"https:\/\/ecatech.it\/#\/schema\/logo\/image\/"},"sameAs":["https:\/\/www.facebook.com\/ecatechnology\/","https:\/\/www.youtube.com\/user\/ecatechnology\/feed","https:\/\/www.linkedin.com\/company\/eca-technology\/","https:\/\/www.instagram.com\/ecatechnology\/"]}]}},"_links":{"self":[{"href":"https:\/\/ecatech.it\/fr\/wp-json\/wp\/v2\/pages\/14690"}],"collection":[{"href":"https:\/\/ecatech.it\/fr\/wp-json\/wp\/v2\/pages"}],"about":[{"href":"https:\/\/ecatech.it\/fr\/wp-json\/wp\/v2\/types\/page"}],"author":[{"embeddable":true,"href":"https:\/\/ecatech.it\/fr\/wp-json\/wp\/v2\/users\/9"}],"replies":[{"embeddable":true,"href":"https:\/\/ecatech.it\/fr\/wp-json\/wp\/v2\/comments?post=14690"}],"version-history":[{"count":0,"href":"https:\/\/ecatech.it\/fr\/wp-json\/wp\/v2\/pages\/14690\/revisions"}],"wp:attachment":[{"href":"https:\/\/ecatech.it\/fr\/wp-json\/wp\/v2\/media?parent=14690"}],"curies":[{"name":"wp","href":"https:\/\/api.w.org\/{rel}","templated":true}]}}