{"id":5279,"date":"2020-03-04T18:02:08","date_gmt":"2020-03-04T17:02:08","guid":{"rendered":"https:\/\/ecatech.it\/incentives\/"},"modified":"2023-09-13T11:13:58","modified_gmt":"2023-09-13T09:13:58","slug":"nouvelles","status":"publish","type":"page","link":"https:\/\/ecatech.it\/fr\/nouvelles\/","title":{"rendered":"Actualit\u00e9s"},"content":{"rendered":"<p>[et_pb_section fb_built=&#8221;1&#8243; custom_padding_last_edited=&#8221;on|tablet&#8221; admin_label=&#8221;Header&#8221; _builder_version=&#8221;4.21.0&#8243; background_color=&#8221;gcid-50594860-09f7-497a-9097-78131afb50ce&#8221; background_enable_image=&#8221;off&#8221; custom_padding=&#8221;100px||0px||false|&#8221; custom_padding_tablet=&#8221;0px||||false|false&#8221; custom_padding_phone=&#8221;&#8221; animation_style=&#8221;fade&#8221; background_color_gradient_stops_tablet=&#8221;#f6f4f4 60%|#ffffff 60%&#8221; background_color_gradient_stops_phone=&#8221;#f6f4f4 80%|#ffffff 80%&#8221; background_color_gradient_start_position_tablet=&#8221;60%&#8221; background_color_gradient_start_position_phone=&#8221;80%&#8221; background_color_gradient_end_position_tablet=&#8221;60%&#8221; background_color_gradient_end_position_phone=&#8221;80%&#8221; box_shadow_horizontal_tablet=&#8221;0vw&#8221; box_shadow_horizontal_phone=&#8221;&#8221; box_shadow_horizontal_last_edited=&#8221;on|phone&#8221; locked=&#8221;off&#8221; global_colors_info=&#8221;{%22gcid-50594860-09f7-497a-9097-78131afb50ce%22:%91%22background_color%22%93}&#8221;][et_pb_row _builder_version=&#8221;4.16&#8243; custom_padding=&#8221;||50px|||&#8221; animation_style=&#8221;fade&#8221; global_colors_info=&#8221;{}&#8221;][et_pb_column type=&#8221;4_4&#8243; _builder_version=&#8221;4.16&#8243; global_colors_info=&#8221;{}&#8221;][et_pb_text _builder_version=&#8221;4.17.5&#8243; text_font=&#8221;Roboto||||||||&#8221; header_font=&#8221;|700|||||||&#8221; header_font_size=&#8221;60px&#8221; header_line_height=&#8221;1.4em&#8221; header_3_font=&#8221;|700|||||||&#8221; header_3_text_color=&#8221;#0081c3&#8243; header_3_font_size=&#8221;18px&#8221; header_3_line_height=&#8221;1.6em&#8221; header_font_size_tablet=&#8221;50px&#8221; header_font_size_phone=&#8221;30px&#8221; header_font_size_last_edited=&#8221;on|phone&#8221; global_colors_info=&#8221;{}&#8221;]<\/p>\n<h1>Actualit\u00e9s<\/h1>\n<p>[\/et_pb_text][\/et_pb_column][\/et_pb_row][et_pb_row column_structure=&#8221;1_3,2_3&#8243; custom_padding_last_edited=&#8221;on|phone&#8221; _builder_version=&#8221;4.16&#8243; background_color=&#8221;#004380&#8243; z_index=&#8221;4&#8243; custom_margin=&#8221;120px||-20px||false|false&#8221; custom_margin_tablet=&#8221;0px||||false|false&#8221; custom_margin_phone=&#8221;||||false|false&#8221; custom_margin_last_edited=&#8221;on|phone&#8221; custom_padding=&#8221;40px|40px|40px|40px|true|true&#8221; custom_padding_tablet=&#8221;|30px||30px|true|true&#8221; custom_padding_phone=&#8221;20px|20px|20px|20px|true|true&#8221; animation_style=&#8221;slide&#8221; animation_direction=&#8221;top&#8221; animation_delay=&#8221;500ms&#8221; animation_intensity_slide=&#8221;10%&#8221; box_shadow_style=&#8221;preset3&#8243; global_colors_info=&#8221;{}&#8221;][et_pb_column type=&#8221;1_3&#8243; _builder_version=&#8221;4.16&#8243; global_colors_info=&#8221;{}&#8221;][et_pb_image src=&#8221;https:\/\/ecatech.it\/wp-content\/uploads\/2020\/09\/incentivi-1.png&#8221; title_text=&#8221;incitations&#8221; align=&#8221;center&#8221; disabled_on=&#8221;on|on|off&#8221; module_class=&#8221;spin&#8221; _builder_version=&#8221;4.16&#8243; background_color=&#8221;rgba(0,0,0,0)&#8221; width=&#8221;70%&#8221; width_tablet=&#8221;&#8221; width_phone=&#8221;&#8221; width_last_edited=&#8221;on|phone&#8221; module_alignment=&#8221;center&#8221; max_height_tablet=&#8221;300px&#8221; max_height_phone=&#8221;&#8221; max_height_last_edited=&#8221;on|tablet&#8221; custom_margin=&#8221;-150px||||false|false&#8221; custom_margin_tablet=&#8221;0px||||false|false&#8221; custom_margin_phone=&#8221;&#8221; custom_margin_last_edited=&#8221;on|desktop&#8221; animation_style=&#8221;slide&#8221; animation_direction=&#8221;bottom&#8221; animation_delay=&#8221;450ms&#8221; animation_intensity_slide=&#8221;4%&#8221; border_color_all=&#8221;#ffffff&#8221; locked=&#8221;off&#8221; global_colors_info=&#8221;{}&#8221;][\/et_pb_image][\/et_pb_column][et_pb_column type=&#8221;2_3&#8243; _builder_version=&#8221;4.16&#8243; global_colors_info=&#8221;{}&#8221;][et_pb_text _builder_version=&#8221;4.19.5&#8243; text_font=&#8221;Avenir &#8211; Book|500|||||||&#8221; header_font=&#8221;|700|||||||&#8221; header_font_size=&#8221;80px&#8221; header_line_height=&#8221;1.4em&#8221; header_3_font=&#8221;|700|||||||&#8221; header_3_font_size=&#8221;18px&#8221; transform_translate=&#8221;0px|14px&#8221; transform_translate_linked=&#8221;off&#8221; background_layout=&#8221;dark&#8221; max_width=&#8221;600px&#8221; custom_padding=&#8221;||0px|||&#8221; header_font_size_tablet=&#8221;50px&#8221; header_font_size_phone=&#8221;30px&#8221; header_font_size_last_edited=&#8221;on|phone&#8221; global_colors_info=&#8221;{}&#8221;]<\/p>\n<p class=\"p1\">Restez inform\u00e9 sur les \u00e9v\u00e9nements, les initiatives, les bonus fiscaux et les nouvelles<\/p>\n<p>[\/et_pb_text][\/et_pb_column][\/et_pb_row][\/et_pb_section][et_pb_section fb_built=&#8221;1&#8243; admin_label=&#8221;Services grid&#8221; _builder_version=&#8221;4.16&#8243; background_color=&#8221;#ffffff&#8221; custom_padding=&#8221;70px||||false|false&#8221; locked=&#8221;off&#8221; global_colors_info=&#8221;{}&#8221;][et_pb_row use_custom_gutter=&#8221;on&#8221; gutter_width=&#8221;2&#8243; make_equal=&#8221;on&#8221; _builder_version=&#8221;4.16&#8243; animation_style=&#8221;fade&#8221; global_colors_info=&#8221;{}&#8221;][et_pb_column type=&#8221;4_4&#8243; _builder_version=&#8221;4.16&#8243; global_colors_info=&#8221;{}&#8221;][et_pb_blog fullwidth=&#8221;off&#8221; posts_number=&#8221;9&#8243; include_categories=&#8221;all&#8221; excerpt_length=&#8221;30&#8243; show_author=&#8221;off&#8221; show_categories=&#8221;off&#8221; masonry_tile_background_color=&#8221;gcid-50594860-09f7-497a-9097-78131afb50ce&#8221; _builder_version=&#8221;4.21.0&#8243; header_font=&#8221;Avenir Black||||||||&#8221; header_font_size=&#8221;15px&#8221; body_font=&#8221;|300|||||||&#8221; body_font_size=&#8221;14px&#8221; meta_text_color=&#8221;#004380&#8243; meta_font_size=&#8221;12px&#8221; pagination_text_color=&#8221;#004380&#8243; background_enable_color=&#8221;off&#8221; hover_enabled=&#8221;0&#8243; border_color_all=&#8221;#f6f4f4&#8243; global_colors_info=&#8221;{%22gcid-50594860-09f7-497a-9097-78131afb50ce%22:%91%22background_color%22,%22masonry_tile_background_color%22%93}&#8221; sticky_enabled=&#8221;0&#8243;][\/et_pb_blog][\/et_pb_column][\/et_pb_row][\/et_pb_section]<\/p>\n","protected":false},"excerpt":{"rendered":"<p>Restez inform\u00e9 des mesures d&#8217;incitation, des r\u00e9glementations, des bonus fiscaux et des actualit\u00e9s. Contactez-nous pour information.<\/p>\n","protected":false},"author":6,"featured_media":0,"parent":0,"menu_order":0,"comment_status":"closed","ping_status":"closed","template":"","meta":{"_et_pb_use_builder":"on","_et_pb_old_content":"","_et_gb_content_width":"","footnotes":""},"yoast_head":"<!-- This site is optimized with the Yoast SEO plugin v22.8 - https:\/\/yoast.com\/wordpress\/plugins\/seo\/ -->\n<title>Mesures d&#039;incitation pour les climatiseurs &#8226; D\u00e9cret de relance &#8226; Conto Termico<\/title>\n<meta name=\"description\" content=\"Restez inform\u00e9 sur les primes \u00e0 la climatisation, Conto Termico, le d\u00e9cret de relance, le bonus fiscal \u00e0 la r\u00e9novation et plus encore. Contactez nous.\" \/>\n<meta name=\"robots\" content=\"index, follow, max-snippet:-1, max-image-preview:large, max-video-preview:-1\" \/>\n<link rel=\"canonical\" href=\"https:\/\/ecatech.it\/fr\/nouvelles\/\" \/>\n<meta property=\"og:locale\" content=\"fr_FR\" \/>\n<meta property=\"og:type\" content=\"article\" \/>\n<meta property=\"og:title\" content=\"Mesures d&#039;incitation pour les climatiseurs &#8226; D\u00e9cret de relance &#8226; Conto Termico\" \/>\n<meta property=\"og:description\" content=\"Restez inform\u00e9 sur les primes \u00e0 la climatisation, Conto Termico, le d\u00e9cret de relance, le bonus fiscal \u00e0 la r\u00e9novation et plus encore. Contactez nous.\" \/>\n<meta property=\"og:url\" content=\"https:\/\/ecatech.it\/fr\/nouvelles\/\" \/>\n<meta property=\"og:site_name\" content=\"ECA Technology\" \/>\n<meta property=\"article:publisher\" content=\"https:\/\/www.facebook.com\/ecatechnology\/\" \/>\n<meta property=\"article:modified_time\" content=\"2023-09-13T09:13:58+00:00\" \/>\n<meta name=\"twitter:card\" content=\"summary_large_image\" \/>\n<meta name=\"twitter:label1\" content=\"Est. reading time\" \/>\n\t<meta name=\"twitter:data1\" content=\"3 minutes\" \/>\n<script type=\"application\/ld+json\" class=\"yoast-schema-graph\">{\"@context\":\"https:\/\/schema.org\",\"@graph\":[{\"@type\":\"WebPage\",\"@id\":\"https:\/\/ecatech.it\/fr\/nouvelles\/\",\"url\":\"https:\/\/ecatech.it\/fr\/nouvelles\/\",\"name\":\"Mesures d'incitation pour les climatiseurs &#8226; D\u00e9cret de relance &#8226; Conto Termico\",\"isPartOf\":{\"@id\":\"https:\/\/ecatech.it\/#website\"},\"datePublished\":\"2020-03-04T17:02:08+00:00\",\"dateModified\":\"2023-09-13T09:13:58+00:00\",\"description\":\"Restez inform\u00e9 sur les primes \u00e0 la climatisation, Conto Termico, le d\u00e9cret de relance, le bonus fiscal \u00e0 la r\u00e9novation et plus encore. Contactez nous.\",\"breadcrumb\":{\"@id\":\"https:\/\/ecatech.it\/fr\/nouvelles\/#breadcrumb\"},\"inLanguage\":\"fr-FR\",\"potentialAction\":[{\"@type\":\"ReadAction\",\"target\":[\"https:\/\/ecatech.it\/fr\/nouvelles\/\"]}]},{\"@type\":\"BreadcrumbList\",\"@id\":\"https:\/\/ecatech.it\/fr\/nouvelles\/#breadcrumb\",\"itemListElement\":[{\"@type\":\"ListItem\",\"position\":1,\"name\":\"Home\",\"item\":\"https:\/\/ecatech.it\/fr\/\"},{\"@type\":\"ListItem\",\"position\":2,\"name\":\"Actualit\u00e9s\"}]},{\"@type\":\"WebSite\",\"@id\":\"https:\/\/ecatech.it\/#website\",\"url\":\"https:\/\/ecatech.it\/\",\"name\":\"ECA Technology\",\"description\":\"Energy and Air-Conditioning Solutions\",\"publisher\":{\"@id\":\"https:\/\/ecatech.it\/#organization\"},\"potentialAction\":[{\"@type\":\"SearchAction\",\"target\":{\"@type\":\"EntryPoint\",\"urlTemplate\":\"https:\/\/ecatech.it\/?s={search_term_string}\"},\"query-input\":\"required name=search_term_string\"}],\"inLanguage\":\"fr-FR\"},{\"@type\":\"Organization\",\"@id\":\"https:\/\/ecatech.it\/#organization\",\"name\":\"Eca Technology S.r.l.\",\"url\":\"https:\/\/ecatech.it\/\",\"logo\":{\"@type\":\"ImageObject\",\"inLanguage\":\"fr-FR\",\"@id\":\"https:\/\/ecatech.it\/#\/schema\/logo\/image\/\",\"url\":\"https:\/\/ecatech.it\/wp-content\/uploads\/2020\/02\/ECA_Technology.png\",\"contentUrl\":\"https:\/\/ecatech.it\/wp-content\/uploads\/2020\/02\/ECA_Technology.png\",\"width\":550,\"height\":105,\"caption\":\"Eca Technology S.r.l.\"},\"image\":{\"@id\":\"https:\/\/ecatech.it\/#\/schema\/logo\/image\/\"},\"sameAs\":[\"https:\/\/www.facebook.com\/ecatechnology\/\",\"https:\/\/www.youtube.com\/user\/ecatechnology\/feed\",\"https:\/\/www.linkedin.com\/company\/eca-technology\/\",\"https:\/\/www.instagram.com\/ecatechnology\/\"]}]}<\/script>\n<!-- \/ Yoast SEO plugin. -->","yoast_head_json":{"title":"Mesures d'incitation pour les climatiseurs &#8226; D\u00e9cret de relance &#8226; Conto Termico","description":"Restez inform\u00e9 sur les primes \u00e0 la climatisation, Conto Termico, le d\u00e9cret de relance, le bonus fiscal \u00e0 la r\u00e9novation et plus encore. Contactez nous.","robots":{"index":"index","follow":"follow","max-snippet":"max-snippet:-1","max-image-preview":"max-image-preview:large","max-video-preview":"max-video-preview:-1"},"canonical":"https:\/\/ecatech.it\/fr\/nouvelles\/","og_locale":"fr_FR","og_type":"article","og_title":"Mesures d'incitation pour les climatiseurs &#8226; D\u00e9cret de relance &#8226; Conto Termico","og_description":"Restez inform\u00e9 sur les primes \u00e0 la climatisation, Conto Termico, le d\u00e9cret de relance, le bonus fiscal \u00e0 la r\u00e9novation et plus encore. Contactez nous.","og_url":"https:\/\/ecatech.it\/fr\/nouvelles\/","og_site_name":"ECA Technology","article_publisher":"https:\/\/www.facebook.com\/ecatechnology\/","article_modified_time":"2023-09-13T09:13:58+00:00","twitter_card":"summary_large_image","twitter_misc":{"Est. reading time":"3 minutes"},"schema":{"@context":"https:\/\/schema.org","@graph":[{"@type":"WebPage","@id":"https:\/\/ecatech.it\/fr\/nouvelles\/","url":"https:\/\/ecatech.it\/fr\/nouvelles\/","name":"Mesures d'incitation pour les climatiseurs &#8226; D\u00e9cret de relance &#8226; Conto Termico","isPartOf":{"@id":"https:\/\/ecatech.it\/#website"},"datePublished":"2020-03-04T17:02:08+00:00","dateModified":"2023-09-13T09:13:58+00:00","description":"Restez inform\u00e9 sur les primes \u00e0 la climatisation, Conto Termico, le d\u00e9cret de relance, le bonus fiscal \u00e0 la r\u00e9novation et plus encore. Contactez nous.","breadcrumb":{"@id":"https:\/\/ecatech.it\/fr\/nouvelles\/#breadcrumb"},"inLanguage":"fr-FR","potentialAction":[{"@type":"ReadAction","target":["https:\/\/ecatech.it\/fr\/nouvelles\/"]}]},{"@type":"BreadcrumbList","@id":"https:\/\/ecatech.it\/fr\/nouvelles\/#breadcrumb","itemListElement":[{"@type":"ListItem","position":1,"name":"Home","item":"https:\/\/ecatech.it\/fr\/"},{"@type":"ListItem","position":2,"name":"Actualit\u00e9s"}]},{"@type":"WebSite","@id":"https:\/\/ecatech.it\/#website","url":"https:\/\/ecatech.it\/","name":"ECA Technology","description":"Energy and Air-Conditioning Solutions","publisher":{"@id":"https:\/\/ecatech.it\/#organization"},"potentialAction":[{"@type":"SearchAction","target":{"@type":"EntryPoint","urlTemplate":"https:\/\/ecatech.it\/?s={search_term_string}"},"query-input":"required name=search_term_string"}],"inLanguage":"fr-FR"},{"@type":"Organization","@id":"https:\/\/ecatech.it\/#organization","name":"Eca Technology S.r.l.","url":"https:\/\/ecatech.it\/","logo":{"@type":"ImageObject","inLanguage":"fr-FR","@id":"https:\/\/ecatech.it\/#\/schema\/logo\/image\/","url":"https:\/\/ecatech.it\/wp-content\/uploads\/2020\/02\/ECA_Technology.png","contentUrl":"https:\/\/ecatech.it\/wp-content\/uploads\/2020\/02\/ECA_Technology.png","width":550,"height":105,"caption":"Eca Technology S.r.l."},"image":{"@id":"https:\/\/ecatech.it\/#\/schema\/logo\/image\/"},"sameAs":["https:\/\/www.facebook.com\/ecatechnology\/","https:\/\/www.youtube.com\/user\/ecatechnology\/feed","https:\/\/www.linkedin.com\/company\/eca-technology\/","https:\/\/www.instagram.com\/ecatechnology\/"]}]}},"_links":{"self":[{"href":"https:\/\/ecatech.it\/fr\/wp-json\/wp\/v2\/pages\/5279"}],"collection":[{"href":"https:\/\/ecatech.it\/fr\/wp-json\/wp\/v2\/pages"}],"about":[{"href":"https:\/\/ecatech.it\/fr\/wp-json\/wp\/v2\/types\/page"}],"author":[{"embeddable":true,"href":"https:\/\/ecatech.it\/fr\/wp-json\/wp\/v2\/users\/6"}],"replies":[{"embeddable":true,"href":"https:\/\/ecatech.it\/fr\/wp-json\/wp\/v2\/comments?post=5279"}],"version-history":[{"count":0,"href":"https:\/\/ecatech.it\/fr\/wp-json\/wp\/v2\/pages\/5279\/revisions"}],"wp:attachment":[{"href":"https:\/\/ecatech.it\/fr\/wp-json\/wp\/v2\/media?parent=5279"}],"curies":[{"name":"wp","href":"https:\/\/api.w.org\/{rel}","templated":true}]}}